{"id":9763,"date":"2024-08-25T10:23:51","date_gmt":"2024-08-25T10:23:51","guid":{"rendered":"https:\/\/gretapearls.com\/?post_type=product&#038;p=9763"},"modified":"2026-02-07T09:57:36","modified_gmt":"2026-02-07T14:57:36","slug":"fil-de-perles-deau-douce-plates-de-5-5-et-6-mm-pour-bijoux-a-faire-soi-meme","status":"publish","type":"product","link":"https:\/\/gretapearls.com\/fr\/shop\/5-5-6mm-flat-button-freshwater-pearl-string-for-diy-jewelry\/","title":{"rendered":"Fil de perles d&#039;eau douce plates de 5,5 \u00e0 6 mm pour bijoux faits maison"},"content":{"rendered":"","protected":false},"excerpt":{"rendered":"<p>Perles d&#039;eau douce naturelles en forme de bouton, \u00e0 la surface lisse et au beau lustre. Le rang mesure environ 37 cm de long et contient environ 80 perles de 5,5 \u00e0 6 mm de diam\u00e8tre. Les perles pr\u00e9sentent un petit trou de 0,7 mm. La forme g\u00e9n\u00e9rale est uniforme, avec peu d&#039;imperfections, et quelques perles peuvent pr\u00e9senter des stries de croissance naturelles.<\/p>","protected":false},"featured_media":9758,"comment_status":"open","ping_status":"closed","template":"","meta":[],"product_brand":[],"product_cat":[124],"product_tag":[91,82,85],"class_list":{"0":"post-9763","1":"product","2":"type-product","3":"status-publish","4":"has-post-thumbnail","6":"product_cat-irregular-pearls","7":"product_tag-full-drilled-pearls","8":"product_tag-medium-freshwater-pearls-wholesale","9":"product_tag-bulk-string-pearls","10":"pa_color-white-pearls","11":"pa_shape-button-pearls","13":"first","14":"instock","15":"taxable","16":"shipping-taxable","17":"purchasable","18":"product-type-simple"},"tiered_pricing_type":"fixed","tiered_pricing_fixed_rules":[],"tiered_pricing_product_settings":{"layout":"default","base_unit_name":{"singular":null,"plural":null},"default_variation":null},"tiered_pricing_minimum_quantity":null,"tiered_pricing_roles_data":[],"tiered_pricing_percentage_rules":[],"tiered_pricing_maximum_quantity":null,"tiered_pricing_quantity_step":null,"_links":{"self":[{"href":"https:\/\/gretapearls.com\/fr\/wp-json\/wp\/v2\/product\/9763","targetHints":{"allow":["GET"]}}],"collection":[{"href":"https:\/\/gretapearls.com\/fr\/wp-json\/wp\/v2\/product"}],"about":[{"href":"https:\/\/gretapearls.com\/fr\/wp-json\/wp\/v2\/types\/product"}],"replies":[{"embeddable":true,"href":"https:\/\/gretapearls.com\/fr\/wp-json\/wp\/v2\/comments?post=9763"}],"wp:featuredmedia":[{"embeddable":true,"href":"https:\/\/gretapearls.com\/fr\/wp-json\/wp\/v2\/media\/9758"}],"wp:attachment":[{"href":"https:\/\/gretapearls.com\/fr\/wp-json\/wp\/v2\/media?parent=9763"}],"wp:term":[{"taxonomy":"product_brand","embeddable":true,"href":"https:\/\/gretapearls.com\/fr\/wp-json\/wp\/v2\/product_brand?post=9763"},{"taxonomy":"product_cat","embeddable":true,"href":"https:\/\/gretapearls.com\/fr\/wp-json\/wp\/v2\/product_cat?post=9763"},{"taxonomy":"product_tag","embeddable":true,"href":"https:\/\/gretapearls.com\/fr\/wp-json\/wp\/v2\/product_tag?post=9763"}],"curies":[{"name":"wp","href":"https:\/\/api.w.org\/{rel}","templated":true}]}}