{"id":9739,"date":"2024-08-25T10:22:14","date_gmt":"2024-08-25T10:22:14","guid":{"rendered":"https:\/\/gretapearls.com\/?post_type=product&#038;p=9739"},"modified":"2026-02-07T09:57:34","modified_gmt":"2026-02-07T14:57:34","slug":"fil-de-perles-deau-douce-plates-violettes-sans-noyau-de-5-5-et-6-mm","status":"publish","type":"product","link":"https:\/\/gretapearls.com\/fr\/shop\/5-5-6mm-nucleus-free-purple-flat-freshwater-pearl-string\/","title":{"rendered":"Fil de perles d&#039;eau douce plates violettes sans noyau de 5,5 \u00e0 6 mm"},"content":{"rendered":"","protected":false},"excerpt":{"rendered":"<p>Perles d&#039;eau douce naturelles de forme ovale, \u00e9paisse et plate, d&#039;aspect uniforme et d&#039;un brillant exceptionnel. D&#039;un violet intense, elles sont d&#039;une longueur d&#039;environ 37 cm et contiennent environ 70 perles, chacune d&#039;un diam\u00e8tre d&#039;environ 5,5 \u00e0 6 mm et dot\u00e9e d&#039;un trou de 0,7 mm. Le rang est vendu sans fermoir.<\/p>","protected":false},"featured_media":9734,"comment_status":"open","ping_status":"closed","template":"","meta":[],"product_brand":[],"product_cat":[54,124],"product_tag":[91,82,85],"class_list":{"0":"post-9739","1":"product","2":"type-product","3":"status-publish","4":"has-post-thumbnail","6":"product_cat-freshwater-pearls-wholesale","7":"product_cat-irregular-pearls","8":"product_tag-full-drilled-pearls","9":"product_tag-medium-freshwater-pearls-wholesale","10":"product_tag-bulk-string-pearls","11":"pa_color-purple-pearls","12":"pa_shape-button-pearls","14":"first","15":"instock","16":"taxable","17":"shipping-taxable","18":"purchasable","19":"product-type-simple"},"tiered_pricing_type":"fixed","tiered_pricing_fixed_rules":[],"tiered_pricing_product_settings":{"layout":"default","base_unit_name":{"singular":null,"plural":null},"default_variation":null},"tiered_pricing_minimum_quantity":null,"tiered_pricing_roles_data":[],"tiered_pricing_percentage_rules":[],"tiered_pricing_maximum_quantity":null,"tiered_pricing_quantity_step":null,"_links":{"self":[{"href":"https:\/\/gretapearls.com\/fr\/wp-json\/wp\/v2\/product\/9739","targetHints":{"allow":["GET"]}}],"collection":[{"href":"https:\/\/gretapearls.com\/fr\/wp-json\/wp\/v2\/product"}],"about":[{"href":"https:\/\/gretapearls.com\/fr\/wp-json\/wp\/v2\/types\/product"}],"replies":[{"embeddable":true,"href":"https:\/\/gretapearls.com\/fr\/wp-json\/wp\/v2\/comments?post=9739"}],"wp:featuredmedia":[{"embeddable":true,"href":"https:\/\/gretapearls.com\/fr\/wp-json\/wp\/v2\/media\/9734"}],"wp:attachment":[{"href":"https:\/\/gretapearls.com\/fr\/wp-json\/wp\/v2\/media?parent=9739"}],"wp:term":[{"taxonomy":"product_brand","embeddable":true,"href":"https:\/\/gretapearls.com\/fr\/wp-json\/wp\/v2\/product_brand?post=9739"},{"taxonomy":"product_cat","embeddable":true,"href":"https:\/\/gretapearls.com\/fr\/wp-json\/wp\/v2\/product_cat?post=9739"},{"taxonomy":"product_tag","embeddable":true,"href":"https:\/\/gretapearls.com\/fr\/wp-json\/wp\/v2\/product_tag?post=9739"}],"curies":[{"name":"wp","href":"https:\/\/api.w.org\/{rel}","templated":true}]}}