{"id":9609,"date":"2024-08-25T07:30:55","date_gmt":"2024-08-25T07:30:55","guid":{"rendered":"https:\/\/gretapearls.com\/?post_type=product&#038;p=9609"},"modified":"2026-02-07T09:56:58","modified_gmt":"2026-02-07T14:56:58","slug":"4-perles-deau-douce-baroques-a-dos-plat-sans-noyau-de-5-mm","status":"publish","type":"product","link":"https:\/\/gretapearls.com\/fr\/shop\/4-5mm-nucleus-free-baroque-flat-back-freshwater-pearls\/","title":{"rendered":"Perles d&#039;eau douce baroques \u00e0 dos plat sans noyau de 4 \u00e0 5 mm"},"content":{"rendered":"","protected":false},"excerpt":{"rendered":"<p>Perles d&#039;eau douce naturelles \u00e0 dos plat, perc\u00e9es lat\u00e9ralement aux 3\/7. Ces perles non nucl\u00e9\u00e9es pr\u00e9sentent un \u00e9clat intense. Le rang mesure environ 36-37 cm de long et contient environ 80 perles. Les perles ont un diam\u00e8tre de 4-5 mm sur le c\u00f4t\u00e9 le plus court et de 5-6 mm sur le c\u00f4t\u00e9 le plus long, avec un trou de 0,7 mm.<\/p>","protected":false},"featured_media":9604,"comment_status":"open","ping_status":"closed","template":"","meta":[],"product_brand":[],"product_cat":[54],"product_tag":[82,90,85],"class_list":{"0":"post-9609","1":"product","2":"type-product","3":"status-publish","4":"has-post-thumbnail","6":"product_cat-freshwater-pearls-wholesale","7":"product_tag-medium-freshwater-pearls-wholesale","8":"product_tag-side-drilled-pearls","9":"product_tag-bulk-string-pearls","10":"pa_color-white-pearls","11":"pa_shape-flat-back-pearls","13":"first","14":"instock","15":"taxable","16":"shipping-taxable","17":"purchasable","18":"product-type-simple"},"tiered_pricing_type":"fixed","tiered_pricing_fixed_rules":[],"tiered_pricing_product_settings":{"layout":"default","base_unit_name":{"singular":null,"plural":null},"default_variation":null},"tiered_pricing_minimum_quantity":null,"tiered_pricing_roles_data":[],"tiered_pricing_percentage_rules":[],"tiered_pricing_maximum_quantity":null,"tiered_pricing_quantity_step":null,"_links":{"self":[{"href":"https:\/\/gretapearls.com\/fr\/wp-json\/wp\/v2\/product\/9609","targetHints":{"allow":["GET"]}}],"collection":[{"href":"https:\/\/gretapearls.com\/fr\/wp-json\/wp\/v2\/product"}],"about":[{"href":"https:\/\/gretapearls.com\/fr\/wp-json\/wp\/v2\/types\/product"}],"replies":[{"embeddable":true,"href":"https:\/\/gretapearls.com\/fr\/wp-json\/wp\/v2\/comments?post=9609"}],"wp:featuredmedia":[{"embeddable":true,"href":"https:\/\/gretapearls.com\/fr\/wp-json\/wp\/v2\/media\/9604"}],"wp:attachment":[{"href":"https:\/\/gretapearls.com\/fr\/wp-json\/wp\/v2\/media?parent=9609"}],"wp:term":[{"taxonomy":"product_brand","embeddable":true,"href":"https:\/\/gretapearls.com\/fr\/wp-json\/wp\/v2\/product_brand?post=9609"},{"taxonomy":"product_cat","embeddable":true,"href":"https:\/\/gretapearls.com\/fr\/wp-json\/wp\/v2\/product_cat?post=9609"},{"taxonomy":"product_tag","embeddable":true,"href":"https:\/\/gretapearls.com\/fr\/wp-json\/wp\/v2\/product_tag?post=9609"}],"curies":[{"name":"wp","href":"https:\/\/api.w.org\/{rel}","templated":true}]}}