{"id":9538,"date":"2024-08-25T07:25:14","date_gmt":"2024-08-25T07:25:14","guid":{"rendered":"https:\/\/gretapearls.com\/?post_type=product&#038;p=9538"},"modified":"2026-02-07T09:56:58","modified_gmt":"2026-02-07T14:56:58","slug":"7-rangs-de-perles-deau-douce-irregulieres-a-dos-plat-de-8-mm","status":"publish","type":"product","link":"https:\/\/gretapearls.com\/fr\/shop\/7-8mm-irregular-flat-back-freshwater-pearls-strand\/","title":{"rendered":"Fil de perles d&#039;eau douce irr\u00e9guli\u00e8res \u00e0 dos plat de 7 \u00e0 8 mm"},"content":{"rendered":"","protected":false},"excerpt":{"rendered":"<p>Perles d&#039;eau douce naturelles \u00e0 dos plat, perc\u00e9es aux 3\/7. Le rang mesure environ 41 cm de long, avec des perles de 7 \u00e0 8 mm et un trou de 0,7 mm. Chaque rang contient environ 75 perles. Ces perles pr\u00e9sentent un brillant intense, avec de l\u00e9g\u00e8res imperfections, ce qui les rend id\u00e9ales pour divers projets de bijouterie.<\/p>","protected":false},"featured_media":9533,"comment_status":"open","ping_status":"closed","template":"","meta":[],"product_brand":[],"product_cat":[54],"product_tag":[83,90,85],"class_list":{"0":"post-9538","1":"product","2":"type-product","3":"status-publish","4":"has-post-thumbnail","6":"product_cat-freshwater-pearls-wholesale","7":"product_tag-large-freshwater-pearls-wholesale","8":"product_tag-side-drilled-pearls","9":"product_tag-bulk-string-pearls","10":"pa_color-white-pearls","11":"pa_shape-flat-back-pearls","13":"first","14":"instock","15":"taxable","16":"shipping-taxable","17":"purchasable","18":"product-type-simple"},"tiered_pricing_type":"fixed","tiered_pricing_fixed_rules":[],"tiered_pricing_product_settings":{"layout":"default","base_unit_name":{"singular":null,"plural":null},"default_variation":null},"tiered_pricing_minimum_quantity":null,"tiered_pricing_roles_data":[],"tiered_pricing_percentage_rules":[],"tiered_pricing_maximum_quantity":null,"tiered_pricing_quantity_step":null,"_links":{"self":[{"href":"https:\/\/gretapearls.com\/fr\/wp-json\/wp\/v2\/product\/9538","targetHints":{"allow":["GET"]}}],"collection":[{"href":"https:\/\/gretapearls.com\/fr\/wp-json\/wp\/v2\/product"}],"about":[{"href":"https:\/\/gretapearls.com\/fr\/wp-json\/wp\/v2\/types\/product"}],"replies":[{"embeddable":true,"href":"https:\/\/gretapearls.com\/fr\/wp-json\/wp\/v2\/comments?post=9538"}],"wp:featuredmedia":[{"embeddable":true,"href":"https:\/\/gretapearls.com\/fr\/wp-json\/wp\/v2\/media\/9533"}],"wp:attachment":[{"href":"https:\/\/gretapearls.com\/fr\/wp-json\/wp\/v2\/media?parent=9538"}],"wp:term":[{"taxonomy":"product_brand","embeddable":true,"href":"https:\/\/gretapearls.com\/fr\/wp-json\/wp\/v2\/product_brand?post=9538"},{"taxonomy":"product_cat","embeddable":true,"href":"https:\/\/gretapearls.com\/fr\/wp-json\/wp\/v2\/product_cat?post=9538"},{"taxonomy":"product_tag","embeddable":true,"href":"https:\/\/gretapearls.com\/fr\/wp-json\/wp\/v2\/product_tag?post=9538"}],"curies":[{"name":"wp","href":"https:\/\/api.w.org\/{rel}","templated":true}]}}