{"id":9374,"date":"2024-08-24T03:35:15","date_gmt":"2024-08-24T03:35:15","guid":{"rendered":"https:\/\/gretapearls.com\/?post_type=product&#038;p=9374"},"modified":"2026-02-07T09:56:55","modified_gmt":"2026-02-07T14:56:55","slug":"perles-deau-douce-baroques-violettes-de-20-mm","status":"publish","type":"product","link":"https:\/\/gretapearls.com\/fr\/shop\/20mm-baroque-purple-square-button-freshwater-pearls\/","title":{"rendered":"Perles d&#039;eau douce baroques violettes de 20 mm"},"content":{"rendered":"","protected":false},"excerpt":{"rendered":"<p>Grandes perles baroques violettes, de forme irr\u00e9guli\u00e8re, rectangulaires et naturellement pliss\u00e9es en surface. Chaque perle mesure environ 20 mm. Ces perles sont livr\u00e9es sans trou\u00a0; veuillez donc pr\u00e9ciser le per\u00e7age dans vos notes de commande ou contacter le service client si n\u00e9cessaire. La couleur violette est naturelle, et certaines perles peuvent pr\u00e9senter des imperfections au dos.<\/p>","protected":false},"featured_media":9369,"comment_status":"open","ping_status":"closed","template":"","meta":[],"product_brand":[],"product_cat":[124],"product_tag":[84,86,88],"class_list":{"0":"post-9374","1":"product","2":"type-product","3":"status-publish","4":"has-post-thumbnail","6":"product_cat-irregular-pearls","7":"product_tag-giant-pearls-whoelsale","8":"product_tag-loose-freshwater-pearls-wholesale","9":"product_tag-no-hole-pearls-bulk","10":"pa_color-purple-pearls","11":"pa_shape-square-pearls","13":"first","14":"instock","15":"taxable","16":"shipping-taxable","17":"purchasable","18":"product-type-simple"},"tiered_pricing_type":"fixed","tiered_pricing_fixed_rules":[],"tiered_pricing_product_settings":{"layout":"default","base_unit_name":{"singular":null,"plural":null},"default_variation":null},"tiered_pricing_minimum_quantity":null,"tiered_pricing_roles_data":[],"tiered_pricing_percentage_rules":[],"tiered_pricing_maximum_quantity":null,"tiered_pricing_quantity_step":null,"_links":{"self":[{"href":"https:\/\/gretapearls.com\/fr\/wp-json\/wp\/v2\/product\/9374","targetHints":{"allow":["GET"]}}],"collection":[{"href":"https:\/\/gretapearls.com\/fr\/wp-json\/wp\/v2\/product"}],"about":[{"href":"https:\/\/gretapearls.com\/fr\/wp-json\/wp\/v2\/types\/product"}],"replies":[{"embeddable":true,"href":"https:\/\/gretapearls.com\/fr\/wp-json\/wp\/v2\/comments?post=9374"}],"wp:featuredmedia":[{"embeddable":true,"href":"https:\/\/gretapearls.com\/fr\/wp-json\/wp\/v2\/media\/9369"}],"wp:attachment":[{"href":"https:\/\/gretapearls.com\/fr\/wp-json\/wp\/v2\/media?parent=9374"}],"wp:term":[{"taxonomy":"product_brand","embeddable":true,"href":"https:\/\/gretapearls.com\/fr\/wp-json\/wp\/v2\/product_brand?post=9374"},{"taxonomy":"product_cat","embeddable":true,"href":"https:\/\/gretapearls.com\/fr\/wp-json\/wp\/v2\/product_cat?post=9374"},{"taxonomy":"product_tag","embeddable":true,"href":"https:\/\/gretapearls.com\/fr\/wp-json\/wp\/v2\/product_tag?post=9374"}],"curies":[{"name":"wp","href":"https:\/\/api.w.org\/{rel}","templated":true}]}}