{"id":9299,"date":"2024-08-24T03:27:02","date_gmt":"2024-08-24T03:27:02","guid":{"rendered":"https:\/\/gretapearls.com\/?post_type=product&#038;p=9299"},"modified":"2026-02-07T09:56:54","modified_gmt":"2026-02-07T14:56:54","slug":"perles-deau-douce-baroques-percees-au-centre","status":"publish","type":"product","link":"https:\/\/gretapearls.com\/fr\/shop\/center-drilled-baroque-stick-freshwater-pearls\/","title":{"rendered":"Perles d&#039;eau douce baroques perc\u00e9es au centre"},"content":{"rendered":"","protected":false},"excerpt":{"rendered":"<p>Perles d&#039;eau douce baroques naturelles allong\u00e9es, perc\u00e9es lat\u00e9ralement au centre. Ces perles pr\u00e9sentent un brillant intense, une surface lisse et des lignes de croissance naturelles. Le rang contient environ 100 perles, d&#039;une longueur variant entre 20 et 30 mm et d&#039;une largeur d&#039;environ 4 mm. Les perles aux deux extr\u00e9mit\u00e9s peuvent \u00eatre l\u00e9g\u00e8rement plus petites. Chaque perle est perc\u00e9e d&#039;un trou de 0,7 mm, ce qui en fait un choix id\u00e9al pour des cr\u00e9ations de bijoux uniques et complexes.<\/p>","protected":false},"featured_media":9294,"comment_status":"open","ping_status":"closed","template":"","meta":[],"product_brand":[],"product_cat":[124],"product_tag":[83,90,85],"class_list":{"0":"post-9299","1":"product","2":"type-product","3":"status-publish","4":"has-post-thumbnail","6":"product_cat-irregular-pearls","7":"product_tag-large-freshwater-pearls-wholesale","8":"product_tag-side-drilled-pearls","9":"product_tag-bulk-string-pearls","10":"pa_color-white-pearls","11":"pa_shape-stick-pearls","13":"first","14":"instock","15":"taxable","16":"shipping-taxable","17":"purchasable","18":"product-type-simple"},"tiered_pricing_type":"fixed","tiered_pricing_fixed_rules":[],"tiered_pricing_product_settings":{"layout":"default","base_unit_name":{"singular":null,"plural":null},"default_variation":null},"tiered_pricing_minimum_quantity":null,"tiered_pricing_roles_data":[],"tiered_pricing_percentage_rules":[],"tiered_pricing_maximum_quantity":null,"tiered_pricing_quantity_step":null,"_links":{"self":[{"href":"https:\/\/gretapearls.com\/fr\/wp-json\/wp\/v2\/product\/9299","targetHints":{"allow":["GET"]}}],"collection":[{"href":"https:\/\/gretapearls.com\/fr\/wp-json\/wp\/v2\/product"}],"about":[{"href":"https:\/\/gretapearls.com\/fr\/wp-json\/wp\/v2\/types\/product"}],"replies":[{"embeddable":true,"href":"https:\/\/gretapearls.com\/fr\/wp-json\/wp\/v2\/comments?post=9299"}],"wp:featuredmedia":[{"embeddable":true,"href":"https:\/\/gretapearls.com\/fr\/wp-json\/wp\/v2\/media\/9294"}],"wp:attachment":[{"href":"https:\/\/gretapearls.com\/fr\/wp-json\/wp\/v2\/media?parent=9299"}],"wp:term":[{"taxonomy":"product_brand","embeddable":true,"href":"https:\/\/gretapearls.com\/fr\/wp-json\/wp\/v2\/product_brand?post=9299"},{"taxonomy":"product_cat","embeddable":true,"href":"https:\/\/gretapearls.com\/fr\/wp-json\/wp\/v2\/product_cat?post=9299"},{"taxonomy":"product_tag","embeddable":true,"href":"https:\/\/gretapearls.com\/fr\/wp-json\/wp\/v2\/product_tag?post=9299"}],"curies":[{"name":"wp","href":"https:\/\/api.w.org\/{rel}","templated":true}]}}