{"id":9167,"date":"2024-08-24T03:15:09","date_gmt":"2024-08-24T03:15:09","guid":{"rendered":"https:\/\/gretapearls.com\/?post_type=product&#038;p=9167"},"modified":"2026-02-07T09:56:53","modified_gmt":"2026-02-07T14:56:53","slug":"perles-deau-douce-baroques-a-dos-plat-de-4-mm","status":"publish","type":"product","link":"https:\/\/gretapearls.com\/fr\/shop\/4mm-flat-back-baroque-freshwater-pearls\/","title":{"rendered":"Perles d&#039;eau douce baroques \u00e0 dos plat de 4 mm"},"content":{"rendered":"","protected":false},"excerpt":{"rendered":"<p>Petites perles baroques d&#039;eau douce naturelles en forme de pomme de terre et \u00e0 dos plat. Elles pr\u00e9sentent des lignes de croissance marqu\u00e9es \u00e0 leur surface. Chaque perle mesure environ 4 mm de diam\u00e8tre. Le rang mesure environ 35 \u00e0 36 cm de long et contient environ 80 perles. Les perles sont perc\u00e9es lat\u00e9ralement aux 3\/7 avec un trou de 0,7 mm.<\/p>","protected":false},"featured_media":9162,"comment_status":"open","ping_status":"closed","template":"","meta":[],"product_brand":[],"product_cat":[54,124],"product_tag":[90,81,85],"class_list":{"0":"post-9167","1":"product","2":"type-product","3":"status-publish","4":"has-post-thumbnail","6":"product_cat-freshwater-pearls-wholesale","7":"product_cat-irregular-pearls","8":"product_tag-side-drilled-pearls","9":"product_tag-small-freshwater-pearls-wholesale","10":"product_tag-bulk-string-pearls","11":"pa_color-white-pearls","12":"pa_shape-flat-back-pearls","14":"first","15":"instock","16":"taxable","17":"shipping-taxable","18":"purchasable","19":"product-type-simple"},"tiered_pricing_type":"fixed","tiered_pricing_fixed_rules":[],"tiered_pricing_product_settings":{"layout":"default","base_unit_name":{"singular":null,"plural":null},"default_variation":null},"tiered_pricing_minimum_quantity":null,"tiered_pricing_roles_data":[],"tiered_pricing_percentage_rules":[],"tiered_pricing_maximum_quantity":null,"tiered_pricing_quantity_step":null,"_links":{"self":[{"href":"https:\/\/gretapearls.com\/fr\/wp-json\/wp\/v2\/product\/9167","targetHints":{"allow":["GET"]}}],"collection":[{"href":"https:\/\/gretapearls.com\/fr\/wp-json\/wp\/v2\/product"}],"about":[{"href":"https:\/\/gretapearls.com\/fr\/wp-json\/wp\/v2\/types\/product"}],"replies":[{"embeddable":true,"href":"https:\/\/gretapearls.com\/fr\/wp-json\/wp\/v2\/comments?post=9167"}],"wp:featuredmedia":[{"embeddable":true,"href":"https:\/\/gretapearls.com\/fr\/wp-json\/wp\/v2\/media\/9162"}],"wp:attachment":[{"href":"https:\/\/gretapearls.com\/fr\/wp-json\/wp\/v2\/media?parent=9167"}],"wp:term":[{"taxonomy":"product_brand","embeddable":true,"href":"https:\/\/gretapearls.com\/fr\/wp-json\/wp\/v2\/product_brand?post=9167"},{"taxonomy":"product_cat","embeddable":true,"href":"https:\/\/gretapearls.com\/fr\/wp-json\/wp\/v2\/product_cat?post=9167"},{"taxonomy":"product_tag","embeddable":true,"href":"https:\/\/gretapearls.com\/fr\/wp-json\/wp\/v2\/product_tag?post=9167"}],"curies":[{"name":"wp","href":"https:\/\/api.w.org\/{rel}","templated":true}]}}