{"id":8826,"date":"2024-08-23T07:19:54","date_gmt":"2024-08-23T07:19:54","guid":{"rendered":"https:\/\/gretapearls.com\/?post_type=product&#038;p=8826"},"modified":"2026-02-07T09:56:49","modified_gmt":"2026-02-07T14:56:49","slug":"pendentif-encadre-de-perles-de-biwa-naturelles","status":"publish","type":"product","link":"https:\/\/gretapearls.com\/fr\/shop\/natural-biwa-pearl-framed-pendant\/","title":{"rendered":"Pendentif encadr\u00e9 de perles Biwa naturelles"},"content":{"rendered":"","protected":false},"excerpt":{"rendered":"<p>Ce pendentif en perle est orn\u00e9 d&#039;une perle Biwa d&#039;environ 9 \u00e0 11 mm de large et 20 \u00e0 30 mm de long. De forme libre et relativement fine, elle pr\u00e9sente un brillant intense et des rides naturelles en surface. La monture est en cuivre plaqu\u00e9 or, con\u00e7u pour pr\u00e9server sa couleur. Son sommet est perc\u00e9 d&#039;un trou de connexion, id\u00e9al pour un pendentif.<\/p>","protected":false},"featured_media":8821,"comment_status":"open","ping_status":"closed","template":"","meta":[],"product_brand":[],"product_cat":[80,124],"product_tag":[86,88],"class_list":{"0":"post-8826","1":"product","2":"type-product","3":"status-publish","4":"has-post-thumbnail","6":"product_cat-pearl-pendant-wholesale","7":"product_cat-irregular-pearls","8":"product_tag-loose-freshwater-pearls-wholesale","9":"product_tag-no-hole-pearls-bulk","10":"pa_color-white-pearls","11":"pa_shape-biwa-pearls","13":"first","14":"instock","15":"taxable","16":"shipping-taxable","17":"purchasable","18":"product-type-simple"},"tiered_pricing_type":"fixed","tiered_pricing_fixed_rules":[],"tiered_pricing_product_settings":{"layout":"default","base_unit_name":{"singular":null,"plural":null},"default_variation":null},"tiered_pricing_minimum_quantity":null,"tiered_pricing_roles_data":[],"tiered_pricing_percentage_rules":[],"tiered_pricing_maximum_quantity":null,"tiered_pricing_quantity_step":null,"_links":{"self":[{"href":"https:\/\/gretapearls.com\/fr\/wp-json\/wp\/v2\/product\/8826","targetHints":{"allow":["GET"]}}],"collection":[{"href":"https:\/\/gretapearls.com\/fr\/wp-json\/wp\/v2\/product"}],"about":[{"href":"https:\/\/gretapearls.com\/fr\/wp-json\/wp\/v2\/types\/product"}],"replies":[{"embeddable":true,"href":"https:\/\/gretapearls.com\/fr\/wp-json\/wp\/v2\/comments?post=8826"}],"wp:featuredmedia":[{"embeddable":true,"href":"https:\/\/gretapearls.com\/fr\/wp-json\/wp\/v2\/media\/8821"}],"wp:attachment":[{"href":"https:\/\/gretapearls.com\/fr\/wp-json\/wp\/v2\/media?parent=8826"}],"wp:term":[{"taxonomy":"product_brand","embeddable":true,"href":"https:\/\/gretapearls.com\/fr\/wp-json\/wp\/v2\/product_brand?post=8826"},{"taxonomy":"product_cat","embeddable":true,"href":"https:\/\/gretapearls.com\/fr\/wp-json\/wp\/v2\/product_cat?post=8826"},{"taxonomy":"product_tag","embeddable":true,"href":"https:\/\/gretapearls.com\/fr\/wp-json\/wp\/v2\/product_tag?post=8826"}],"curies":[{"name":"wp","href":"https:\/\/api.w.org\/{rel}","templated":true}]}}