{"id":8093,"date":"2024-08-21T16:08:57","date_gmt":"2024-08-21T16:08:57","guid":{"rendered":"https:\/\/gretapearls.com\/?post_type=product&#038;p=8093"},"modified":"2026-02-07T13:39:15","modified_gmt":"2026-02-07T18:39:15","slug":"boucles-doreilles-pendantes-avec-tourmaline-et-grappe-de-perles","status":"publish","type":"product","link":"https:\/\/gretapearls.com\/fr\/shop\/dangle-earrings-featuring-tourmaline-and-pearl-cluster\/","title":{"rendered":"Boucles d&#039;oreilles pendantes avec tourmaline et grappe de perles"},"content":{"rendered":"","protected":false},"excerpt":{"rendered":"<p>Ces magnifiques boucles d&#039;oreilles pendantes pr\u00e9sentent un charmant agencement de tourmalines multicolores associ\u00e9es \u00e0 des perles baroques, le tout sublim\u00e9 par des intercalaires dor\u00e9s. Leurs crochets dor\u00e9s, orn\u00e9s de strass, les rendent \u00e0 la fois faciles \u00e0 porter et \u00e9l\u00e9gantes.<\/p>","protected":false},"featured_media":8087,"comment_status":"open","ping_status":"closed","template":"","meta":[],"product_brand":[],"product_cat":[93,94,95],"product_tag":[],"class_list":{"0":"post-8093","1":"product","2":"type-product","3":"status-publish","4":"has-post-thumbnail","6":"product_cat-wholesale-pearl-earrings","7":"product_cat-wholesale-pearl-drop-earrings","8":"product_cat-wholesale-hook-earrings","10":"first","11":"instock","12":"taxable","13":"shipping-taxable","14":"purchasable","15":"product-type-simple"},"tiered_pricing_type":"fixed","tiered_pricing_fixed_rules":[],"tiered_pricing_product_settings":{"layout":"default","base_unit_name":{"singular":null,"plural":null},"default_variation":null},"tiered_pricing_minimum_quantity":null,"tiered_pricing_roles_data":[],"tiered_pricing_percentage_rules":[],"tiered_pricing_maximum_quantity":null,"tiered_pricing_quantity_step":null,"_links":{"self":[{"href":"https:\/\/gretapearls.com\/fr\/wp-json\/wp\/v2\/product\/8093","targetHints":{"allow":["GET"]}}],"collection":[{"href":"https:\/\/gretapearls.com\/fr\/wp-json\/wp\/v2\/product"}],"about":[{"href":"https:\/\/gretapearls.com\/fr\/wp-json\/wp\/v2\/types\/product"}],"replies":[{"embeddable":true,"href":"https:\/\/gretapearls.com\/fr\/wp-json\/wp\/v2\/comments?post=8093"}],"wp:featuredmedia":[{"embeddable":true,"href":"https:\/\/gretapearls.com\/fr\/wp-json\/wp\/v2\/media\/8087"}],"wp:attachment":[{"href":"https:\/\/gretapearls.com\/fr\/wp-json\/wp\/v2\/media?parent=8093"}],"wp:term":[{"taxonomy":"product_brand","embeddable":true,"href":"https:\/\/gretapearls.com\/fr\/wp-json\/wp\/v2\/product_brand?post=8093"},{"taxonomy":"product_cat","embeddable":true,"href":"https:\/\/gretapearls.com\/fr\/wp-json\/wp\/v2\/product_cat?post=8093"},{"taxonomy":"product_tag","embeddable":true,"href":"https:\/\/gretapearls.com\/fr\/wp-json\/wp\/v2\/product_tag?post=8093"}],"curies":[{"name":"wp","href":"https:\/\/api.w.org\/{rel}","templated":true}]}}