{"id":7874,"date":"2024-08-21T09:43:37","date_gmt":"2024-08-21T09:43:37","guid":{"rendered":"https:\/\/gretapearls.com\/?post_type=product&#038;p=7874"},"modified":"2026-02-07T09:59:24","modified_gmt":"2026-02-07T14:59:24","slug":"2-mini-perles-deau-douce-de-3-mm-en-forme-de-pomme-de-terre","status":"publish","type":"product","link":"https:\/\/gretapearls.com\/fr\/shop\/2-5-3mm-mini-potato-freshwater-pearls\/","title":{"rendered":"Perles d&#039;eau douce mini-pommes de terre de 2,5 \u00e0 3 mm"},"content":{"rendered":"","protected":false},"excerpt":{"rendered":"<p>Ces perles d&#039;eau douce naturelles sont petites, avec un diam\u00e8tre de 2,5 \u00e0 3 mm et un minuscule trou de 0,7 mm. Elles ont une forme ovale plut\u00f4t que parfaitement ronde. Le rang mesure environ 37 cm de long et contient environ 130 perles. La petite taille des perles est la caract\u00e9ristique principale de ce rang, id\u00e9al pour des cr\u00e9ations de bijoux raffin\u00e9es et d\u00e9licates.<\/p>","protected":false},"featured_media":7869,"comment_status":"open","ping_status":"closed","template":"","meta":[],"product_brand":[],"product_cat":[54],"product_tag":[90,81,85],"class_list":{"0":"post-7874","1":"product","2":"type-product","3":"status-publish","4":"has-post-thumbnail","6":"product_cat-freshwater-pearls-wholesale","7":"product_tag-side-drilled-pearls","8":"product_tag-small-freshwater-pearls-wholesale","9":"product_tag-bulk-string-pearls","10":"pa_color-white-pearls","11":"pa_shape-potato-pearls","13":"first","14":"instock","15":"taxable","16":"shipping-taxable","17":"purchasable","18":"product-type-simple"},"tiered_pricing_type":"fixed","tiered_pricing_fixed_rules":[],"tiered_pricing_product_settings":{"layout":"default","base_unit_name":{"singular":null,"plural":null},"default_variation":null},"tiered_pricing_minimum_quantity":null,"tiered_pricing_roles_data":[],"tiered_pricing_percentage_rules":[],"tiered_pricing_maximum_quantity":null,"tiered_pricing_quantity_step":null,"_links":{"self":[{"href":"https:\/\/gretapearls.com\/fr\/wp-json\/wp\/v2\/product\/7874","targetHints":{"allow":["GET"]}}],"collection":[{"href":"https:\/\/gretapearls.com\/fr\/wp-json\/wp\/v2\/product"}],"about":[{"href":"https:\/\/gretapearls.com\/fr\/wp-json\/wp\/v2\/types\/product"}],"replies":[{"embeddable":true,"href":"https:\/\/gretapearls.com\/fr\/wp-json\/wp\/v2\/comments?post=7874"}],"wp:featuredmedia":[{"embeddable":true,"href":"https:\/\/gretapearls.com\/fr\/wp-json\/wp\/v2\/media\/7869"}],"wp:attachment":[{"href":"https:\/\/gretapearls.com\/fr\/wp-json\/wp\/v2\/media?parent=7874"}],"wp:term":[{"taxonomy":"product_brand","embeddable":true,"href":"https:\/\/gretapearls.com\/fr\/wp-json\/wp\/v2\/product_brand?post=7874"},{"taxonomy":"product_cat","embeddable":true,"href":"https:\/\/gretapearls.com\/fr\/wp-json\/wp\/v2\/product_cat?post=7874"},{"taxonomy":"product_tag","embeddable":true,"href":"https:\/\/gretapearls.com\/fr\/wp-json\/wp\/v2\/product_tag?post=7874"}],"curies":[{"name":"wp","href":"https:\/\/api.w.org\/{rel}","templated":true}]}}