{"id":7723,"date":"2024-08-21T00:53:40","date_gmt":"2024-08-21T04:53:40","guid":{"rendered":"https:\/\/gretapearls.com\/?post_type=product&#038;p=7723"},"modified":"2026-02-07T13:15:11","modified_gmt":"2026-02-07T18:15:11","slug":"boucle-en-fil-dargent-sterling-s925","status":"publish","type":"product","link":"https:\/\/gretapearls.com\/fr\/shop\/s925-sterling-silver-wire-buckle\/","title":{"rendered":"Boucle en fil d&#039;argent sterling S925"},"content":{"rendered":"<p>Nom : Bouton<\/p>\n\n\n\n<p>Mat\u00e9riau : argent sterling S925<\/p>\n\n\n\n<p>Proc\u00e9d\u00e9 : galvanoplastie<\/p>\n\n\n\n<p>Taille : Largeur : 3,6 mm Longueur : 13 mm Poids : 0,1 g<\/p>\n\n\n\n<p>Remarque : la taille et le poids sont mesur\u00e9s manuellement, il peut donc y avoir des erreurs.<\/p>","protected":false},"excerpt":{"rendered":"<p>Ces boucles en fil d&#039;argent sterling S925 pr\u00e9sentent un design durable et poli, avec une finition lisse et minimaliste. Disponibles en argent, or et or rose, elles sont id\u00e9ales pour attacher colliers, bracelets et autres bijoux raffin\u00e9s et s&#039;harmonisent avec une vari\u00e9t\u00e9 de styles, qu&#039;ils soient modernes, minimalistes ou classiques.<\/p>","protected":false},"featured_media":7718,"comment_status":"open","ping_status":"closed","template":"","meta":[],"product_brand":[],"product_cat":[118],"product_tag":[],"class_list":{"0":"post-7723","1":"product","2":"type-product","3":"status-publish","4":"has-post-thumbnail","6":"product_cat-jewelry-endings-wholesale","8":"first","9":"instock","10":"taxable","11":"shipping-taxable","12":"purchasable","13":"product-type-variable"},"tiered_pricing_type":"percentage","tiered_pricing_fixed_rules":{"50":"10","100":"15","200":"20"},"tiered_pricing_product_settings":{"layout":"default","base_unit_name":{"singular":null,"plural":null},"default_variation":null},"tiered_pricing_minimum_quantity":30,"tiered_pricing_roles_data":[],"tiered_pricing_percentage_rules":{"50":"10","100":"15","200":"20"},"tiered_pricing_maximum_quantity":null,"tiered_pricing_quantity_step":null,"_links":{"self":[{"href":"https:\/\/gretapearls.com\/fr\/wp-json\/wp\/v2\/product\/7723","targetHints":{"allow":["GET"]}}],"collection":[{"href":"https:\/\/gretapearls.com\/fr\/wp-json\/wp\/v2\/product"}],"about":[{"href":"https:\/\/gretapearls.com\/fr\/wp-json\/wp\/v2\/types\/product"}],"replies":[{"embeddable":true,"href":"https:\/\/gretapearls.com\/fr\/wp-json\/wp\/v2\/comments?post=7723"}],"wp:featuredmedia":[{"embeddable":true,"href":"https:\/\/gretapearls.com\/fr\/wp-json\/wp\/v2\/media\/7718"}],"wp:attachment":[{"href":"https:\/\/gretapearls.com\/fr\/wp-json\/wp\/v2\/media?parent=7723"}],"wp:term":[{"taxonomy":"product_brand","embeddable":true,"href":"https:\/\/gretapearls.com\/fr\/wp-json\/wp\/v2\/product_brand?post=7723"},{"taxonomy":"product_cat","embeddable":true,"href":"https:\/\/gretapearls.com\/fr\/wp-json\/wp\/v2\/product_cat?post=7723"},{"taxonomy":"product_tag","embeddable":true,"href":"https:\/\/gretapearls.com\/fr\/wp-json\/wp\/v2\/product_tag?post=7723"}],"curies":[{"name":"wp","href":"https:\/\/api.w.org\/{rel}","templated":true}]}}