{"id":7669,"date":"2024-08-21T04:23:32","date_gmt":"2024-08-21T04:23:32","guid":{"rendered":"https:\/\/gretapearls.com\/?post_type=product&#038;p=7669"},"modified":"2026-02-07T09:59:17","modified_gmt":"2026-02-07T14:59:17","slug":"1-8-2-mm-perles-deau-douce-plates-irregulieres-pour-bebe","status":"publish","type":"product","link":"https:\/\/gretapearls.com\/fr\/shop\/1-8-2mm-irregular-flat-baby-freshwater-pearls\/","title":{"rendered":"Perles d&#039;eau douce plates et irr\u00e9guli\u00e8res pour b\u00e9b\u00e9 de 1,8 \u00e0 2 mm"},"content":{"rendered":"","protected":false},"excerpt":{"rendered":"<p>Mini perles d&#039;eau douce naturelles de forme plate et irr\u00e9guli\u00e8re, au lustre remarquable. Ces minuscules perles, d&#039;environ 1,8 \u00e0 2 mm de diam\u00e8tre, pr\u00e9sentent de l\u00e9g\u00e8res imperfections et pr\u00e9sentent des finitions brillantes et mates. Le trou est particuli\u00e8rement fin (0,5 mm). Chaque rang mesure environ 37 cm de long et contient environ 200 perles, ce qui est id\u00e9al pour des cr\u00e9ations de bijoux complexes.<\/p>","protected":false},"featured_media":7664,"comment_status":"open","ping_status":"closed","template":"","meta":[],"product_brand":[],"product_cat":[124],"product_tag":[91,81,85],"class_list":{"0":"post-7669","1":"product","2":"type-product","3":"status-publish","4":"has-post-thumbnail","6":"product_cat-irregular-pearls","7":"product_tag-full-drilled-pearls","8":"product_tag-small-freshwater-pearls-wholesale","9":"product_tag-bulk-string-pearls","10":"pa_color-white-pearls","11":"pa_shape-flat-back-pearls","12":"pa_shape-freeform-pearls","14":"first","15":"instock","16":"taxable","17":"shipping-taxable","18":"purchasable","19":"product-type-simple"},"tiered_pricing_type":"fixed","tiered_pricing_fixed_rules":[],"tiered_pricing_product_settings":{"layout":"default","base_unit_name":{"singular":null,"plural":null},"default_variation":null},"tiered_pricing_minimum_quantity":null,"tiered_pricing_roles_data":[],"tiered_pricing_percentage_rules":[],"tiered_pricing_maximum_quantity":null,"tiered_pricing_quantity_step":null,"_links":{"self":[{"href":"https:\/\/gretapearls.com\/fr\/wp-json\/wp\/v2\/product\/7669","targetHints":{"allow":["GET"]}}],"collection":[{"href":"https:\/\/gretapearls.com\/fr\/wp-json\/wp\/v2\/product"}],"about":[{"href":"https:\/\/gretapearls.com\/fr\/wp-json\/wp\/v2\/types\/product"}],"replies":[{"embeddable":true,"href":"https:\/\/gretapearls.com\/fr\/wp-json\/wp\/v2\/comments?post=7669"}],"wp:featuredmedia":[{"embeddable":true,"href":"https:\/\/gretapearls.com\/fr\/wp-json\/wp\/v2\/media\/7664"}],"wp:attachment":[{"href":"https:\/\/gretapearls.com\/fr\/wp-json\/wp\/v2\/media?parent=7669"}],"wp:term":[{"taxonomy":"product_brand","embeddable":true,"href":"https:\/\/gretapearls.com\/fr\/wp-json\/wp\/v2\/product_brand?post=7669"},{"taxonomy":"product_cat","embeddable":true,"href":"https:\/\/gretapearls.com\/fr\/wp-json\/wp\/v2\/product_cat?post=7669"},{"taxonomy":"product_tag","embeddable":true,"href":"https:\/\/gretapearls.com\/fr\/wp-json\/wp\/v2\/product_tag?post=7669"}],"curies":[{"name":"wp","href":"https:\/\/api.w.org\/{rel}","templated":true}]}}