{"id":40386,"date":"2026-05-16T08:52:28","date_gmt":"2026-05-16T12:52:28","guid":{"rendered":"https:\/\/gretapearls.com\/en\/?post_type=product&#038;p=40386"},"modified":"2026-05-16T11:43:26","modified_gmt":"2026-05-16T15:43:26","slug":"perles-deau-douce-de-forme-libre-lustrees-et-de-haute-qualite-de-5-a-6-mm","status":"publish","type":"product","link":"https:\/\/gretapearls.com\/fr\/shop\/5-6mm-high-quality-luster-freeform-freshwater-pearls\/","title":{"rendered":"Perles d&#039;eau douce de forme libre, lustr\u00e9es et de haute qualit\u00e9, de 5 \u00e0 6 mm"},"content":{"rendered":"","protected":false},"excerpt":{"rendered":"<p>Ces perles arborent un ravissant trio de teintes\u00a0: blanc, or et violet. D&#039;un diam\u00e8tre de 5 \u00e0 6\u00a0mm, elles pr\u00e9sentent un lustre exceptionnel et une qualit\u00e9 remarquable. Ce collier est id\u00e9al pour la cr\u00e9ation de bijoux vari\u00e9s.<\/p>","protected":false},"featured_media":40381,"comment_status":"open","ping_status":"closed","template":"","meta":[],"product_brand":[],"product_cat":[54,124],"product_tag":[91,82,85],"class_list":{"0":"post-40386","1":"product","2":"type-product","3":"status-publish","4":"has-post-thumbnail","6":"product_cat-freshwater-pearls-wholesale","7":"product_cat-irregular-pearls","8":"product_tag-full-drilled-pearls","9":"product_tag-medium-freshwater-pearls-wholesale","10":"product_tag-bulk-string-pearls","11":"pa_color-champagne-pearls","12":"pa_color-purple-pearls","13":"pa_color-white-pearls","14":"pa_shape-round-pearls","16":"first","17":"instock","18":"taxable","19":"shipping-taxable","20":"purchasable","21":"product-type-variable"},"tiered_pricing_type":"fixed","tiered_pricing_fixed_rules":[],"tiered_pricing_product_settings":{"layout":"default","base_unit_name":{"singular":null,"plural":null},"default_variation":null},"tiered_pricing_minimum_quantity":null,"tiered_pricing_roles_data":[],"tiered_pricing_percentage_rules":[],"tiered_pricing_maximum_quantity":null,"tiered_pricing_quantity_step":null,"_links":{"self":[{"href":"https:\/\/gretapearls.com\/fr\/wp-json\/wp\/v2\/product\/40386","targetHints":{"allow":["GET"]}}],"collection":[{"href":"https:\/\/gretapearls.com\/fr\/wp-json\/wp\/v2\/product"}],"about":[{"href":"https:\/\/gretapearls.com\/fr\/wp-json\/wp\/v2\/types\/product"}],"replies":[{"embeddable":true,"href":"https:\/\/gretapearls.com\/fr\/wp-json\/wp\/v2\/comments?post=40386"}],"wp:featuredmedia":[{"embeddable":true,"href":"https:\/\/gretapearls.com\/fr\/wp-json\/wp\/v2\/media\/40381"}],"wp:attachment":[{"href":"https:\/\/gretapearls.com\/fr\/wp-json\/wp\/v2\/media?parent=40386"}],"wp:term":[{"taxonomy":"product_brand","embeddable":true,"href":"https:\/\/gretapearls.com\/fr\/wp-json\/wp\/v2\/product_brand?post=40386"},{"taxonomy":"product_cat","embeddable":true,"href":"https:\/\/gretapearls.com\/fr\/wp-json\/wp\/v2\/product_cat?post=40386"},{"taxonomy":"product_tag","embeddable":true,"href":"https:\/\/gretapearls.com\/fr\/wp-json\/wp\/v2\/product_tag?post=40386"}],"curies":[{"name":"wp","href":"https:\/\/api.w.org\/{rel}","templated":true}]}}