{"id":40357,"date":"2026-05-16T05:13:59","date_gmt":"2026-05-16T09:13:59","guid":{"rendered":"https:\/\/gretapearls.com\/en\/?post_type=product&#038;p=40357"},"modified":"2026-05-16T11:38:14","modified_gmt":"2026-05-16T15:38:14","slug":"10-perles-deau-douce-de-forme-ronde-a-leclat-exceptionnel-11-mm","status":"publish","type":"product","link":"https:\/\/gretapearls.com\/fr\/shop\/10-11mm-high-luster-coin-shaped-freshwater-pearls\/","title":{"rendered":"Perles d&#039;eau douce en forme de pi\u00e8ce de monnaie, de 10 \u00e0 11 mm, \u00e0 l&#039;\u00e9clat \u00e9lev\u00e9"},"content":{"rendered":"","protected":false},"excerpt":{"rendered":"<p>Ces perles de 10 \u00e0 11 mm pr\u00e9sentent une palette multicolore captivante, domin\u00e9e par des nuances de blanc, d&#039;or et de violet. Elles se distinguent par leur \u00e9clat exceptionnel et leur surface d&#039;une grande puret\u00e9, ne pr\u00e9sentant que de tr\u00e8s l\u00e9g\u00e8res imperfections. Leur forme r\u00e9guli\u00e8re en bouton les rend particuli\u00e8rement polyvalentes pour la cr\u00e9ation de colliers et de boucles d&#039;oreilles raffin\u00e9s, ou pour leur int\u00e9gration dans des bijoux modernes et classiques.<\/p>","protected":false},"featured_media":40352,"comment_status":"open","ping_status":"closed","template":"","meta":[],"product_brand":[],"product_cat":[54,56],"product_tag":[91,83,85],"class_list":{"0":"post-40357","1":"product","2":"type-product","3":"status-publish","4":"has-post-thumbnail","6":"product_cat-freshwater-pearls-wholesale","7":"product_cat-baroque-pearls-wholesale","8":"product_tag-full-drilled-pearls","9":"product_tag-large-freshwater-pearls-wholesale","10":"product_tag-bulk-string-pearls","11":"pa_color-champagne-pearls","12":"pa_color-purple-pearls","13":"pa_color-white-pearls","14":"pa_shape-coin-pearls","16":"first","17":"instock","18":"taxable","19":"shipping-taxable","20":"purchasable","21":"product-type-variable"},"tiered_pricing_type":"fixed","tiered_pricing_fixed_rules":[],"tiered_pricing_product_settings":{"layout":"default","base_unit_name":{"singular":null,"plural":null},"default_variation":null},"tiered_pricing_minimum_quantity":null,"tiered_pricing_roles_data":[],"tiered_pricing_percentage_rules":[],"tiered_pricing_maximum_quantity":null,"tiered_pricing_quantity_step":null,"_links":{"self":[{"href":"https:\/\/gretapearls.com\/fr\/wp-json\/wp\/v2\/product\/40357","targetHints":{"allow":["GET"]}}],"collection":[{"href":"https:\/\/gretapearls.com\/fr\/wp-json\/wp\/v2\/product"}],"about":[{"href":"https:\/\/gretapearls.com\/fr\/wp-json\/wp\/v2\/types\/product"}],"replies":[{"embeddable":true,"href":"https:\/\/gretapearls.com\/fr\/wp-json\/wp\/v2\/comments?post=40357"}],"wp:featuredmedia":[{"embeddable":true,"href":"https:\/\/gretapearls.com\/fr\/wp-json\/wp\/v2\/media\/40352"}],"wp:attachment":[{"href":"https:\/\/gretapearls.com\/fr\/wp-json\/wp\/v2\/media?parent=40357"}],"wp:term":[{"taxonomy":"product_brand","embeddable":true,"href":"https:\/\/gretapearls.com\/fr\/wp-json\/wp\/v2\/product_brand?post=40357"},{"taxonomy":"product_cat","embeddable":true,"href":"https:\/\/gretapearls.com\/fr\/wp-json\/wp\/v2\/product_cat?post=40357"},{"taxonomy":"product_tag","embeddable":true,"href":"https:\/\/gretapearls.com\/fr\/wp-json\/wp\/v2\/product_tag?post=40357"}],"curies":[{"name":"wp","href":"https:\/\/api.w.org\/{rel}","templated":true}]}}