{"id":40248,"date":"2026-05-16T04:55:38","date_gmt":"2026-05-16T08:55:38","guid":{"rendered":"https:\/\/gretapearls.com\/en\/?post_type=product&#038;p=40248"},"modified":"2026-05-16T11:18:20","modified_gmt":"2026-05-16T15:18:20","slug":"perles-deau-douce-violettes-en-forme-de-larme-de-7-a-8-mm","status":"publish","type":"product","link":"https:\/\/gretapearls.com\/fr\/shop\/7-8mm-purple-coin-teardrop-freshwater-pearls\/","title":{"rendered":"Perles d&#039;eau douce violettes en forme de larme de 7 \u00e0 8 mm"},"content":{"rendered":"","protected":false},"excerpt":{"rendered":"<p>Ces perles de 7 \u00e0 8 mm, de forme ronde ou en goutte, sont d&#039;un blanc naturel et proviennent d&#039;eau douce. Id\u00e9ales pour la cr\u00e9ation de bijoux artisanaux, elles s&#039;accordent aussi bien avec un style \u00e9l\u00e9gant que d\u00e9contract\u00e9.<\/p>","protected":false},"featured_media":40243,"comment_status":"open","ping_status":"closed","template":"","meta":[],"product_brand":[],"product_cat":[54,56],"product_tag":[91,82,85],"class_list":{"0":"post-40248","1":"product","2":"type-product","3":"status-publish","4":"has-post-thumbnail","6":"product_cat-freshwater-pearls-wholesale","7":"product_cat-baroque-pearls-wholesale","8":"product_tag-full-drilled-pearls","9":"product_tag-medium-freshwater-pearls-wholesale","10":"product_tag-bulk-string-pearls","11":"pa_color-purple-pearls","12":"pa_shape-coin-pearls","14":"first","15":"instock","16":"taxable","17":"shipping-taxable","18":"purchasable","19":"product-type-simple"},"tiered_pricing_type":"fixed","tiered_pricing_fixed_rules":[],"tiered_pricing_product_settings":{"layout":"default","base_unit_name":{"singular":null,"plural":null},"default_variation":null},"tiered_pricing_minimum_quantity":null,"tiered_pricing_roles_data":[],"tiered_pricing_percentage_rules":[],"tiered_pricing_maximum_quantity":null,"tiered_pricing_quantity_step":null,"_links":{"self":[{"href":"https:\/\/gretapearls.com\/fr\/wp-json\/wp\/v2\/product\/40248","targetHints":{"allow":["GET"]}}],"collection":[{"href":"https:\/\/gretapearls.com\/fr\/wp-json\/wp\/v2\/product"}],"about":[{"href":"https:\/\/gretapearls.com\/fr\/wp-json\/wp\/v2\/types\/product"}],"replies":[{"embeddable":true,"href":"https:\/\/gretapearls.com\/fr\/wp-json\/wp\/v2\/comments?post=40248"}],"wp:featuredmedia":[{"embeddable":true,"href":"https:\/\/gretapearls.com\/fr\/wp-json\/wp\/v2\/media\/40243"}],"wp:attachment":[{"href":"https:\/\/gretapearls.com\/fr\/wp-json\/wp\/v2\/media?parent=40248"}],"wp:term":[{"taxonomy":"product_brand","embeddable":true,"href":"https:\/\/gretapearls.com\/fr\/wp-json\/wp\/v2\/product_brand?post=40248"},{"taxonomy":"product_cat","embeddable":true,"href":"https:\/\/gretapearls.com\/fr\/wp-json\/wp\/v2\/product_cat?post=40248"},{"taxonomy":"product_tag","embeddable":true,"href":"https:\/\/gretapearls.com\/fr\/wp-json\/wp\/v2\/product_tag?post=40248"}],"curies":[{"name":"wp","href":"https:\/\/api.w.org\/{rel}","templated":true}]}}