{"id":40205,"date":"2026-05-16T04:49:54","date_gmt":"2026-05-16T08:49:54","guid":{"rendered":"https:\/\/gretapearls.com\/en\/?post_type=product&#038;p=40205"},"modified":"2026-05-16T11:11:57","modified_gmt":"2026-05-16T15:11:57","slug":"perles-de-champagne-de-12-a-13-mm-a-leclat-lisse-en-forme-de-larme-de-style-baroque-deau-douce","status":"publish","type":"product","link":"https:\/\/gretapearls.com\/fr\/shop\/12-13mm-champagne-pearls-smooth-luster-teardrop-baroque-freshwater-pearls\/","title":{"rendered":"Perles de champagne de 12 \u00e0 13 mm, \u00e0 l&#039;\u00e9clat lisse, en forme de larme, de style baroque, d&#039;eau douce."},"content":{"rendered":"","protected":false},"excerpt":{"rendered":"<p>Ce sont des perles d&#039;eau douce de forme baroque, \u00e9voquant une larme. Leur surface lisse et leur \u00e9clat exceptionnel sont sublim\u00e9s par une couleur or champagne. Elles se pr\u00eatent parfaitement \u00e0 la cr\u00e9ation de colliers imposants et de pendentifs \u00e9l\u00e9gants.<\/p>","protected":false},"featured_media":40200,"comment_status":"open","ping_status":"closed","template":"","meta":[],"product_brand":[],"product_cat":[54,56],"product_tag":[91,84,85],"class_list":{"0":"post-40205","1":"product","2":"type-product","3":"status-publish","4":"has-post-thumbnail","6":"product_cat-freshwater-pearls-wholesale","7":"product_cat-baroque-pearls-wholesale","8":"product_tag-full-drilled-pearls","9":"product_tag-giant-pearls-whoelsale","10":"product_tag-bulk-string-pearls","11":"pa_color-champagne-pearls","12":"pa_color-purple-pearls","13":"pa_color-white-pearls","15":"first","16":"instock","17":"taxable","18":"shipping-taxable","19":"purchasable","20":"product-type-variable"},"tiered_pricing_type":"fixed","tiered_pricing_fixed_rules":[],"tiered_pricing_product_settings":{"layout":"default","base_unit_name":{"singular":null,"plural":null},"default_variation":null},"tiered_pricing_minimum_quantity":null,"tiered_pricing_roles_data":[],"tiered_pricing_percentage_rules":[],"tiered_pricing_maximum_quantity":null,"tiered_pricing_quantity_step":null,"_links":{"self":[{"href":"https:\/\/gretapearls.com\/fr\/wp-json\/wp\/v2\/product\/40205","targetHints":{"allow":["GET"]}}],"collection":[{"href":"https:\/\/gretapearls.com\/fr\/wp-json\/wp\/v2\/product"}],"about":[{"href":"https:\/\/gretapearls.com\/fr\/wp-json\/wp\/v2\/types\/product"}],"replies":[{"embeddable":true,"href":"https:\/\/gretapearls.com\/fr\/wp-json\/wp\/v2\/comments?post=40205"}],"wp:featuredmedia":[{"embeddable":true,"href":"https:\/\/gretapearls.com\/fr\/wp-json\/wp\/v2\/media\/40200"}],"wp:attachment":[{"href":"https:\/\/gretapearls.com\/fr\/wp-json\/wp\/v2\/media?parent=40205"}],"wp:term":[{"taxonomy":"product_brand","embeddable":true,"href":"https:\/\/gretapearls.com\/fr\/wp-json\/wp\/v2\/product_brand?post=40205"},{"taxonomy":"product_cat","embeddable":true,"href":"https:\/\/gretapearls.com\/fr\/wp-json\/wp\/v2\/product_cat?post=40205"},{"taxonomy":"product_tag","embeddable":true,"href":"https:\/\/gretapearls.com\/fr\/wp-json\/wp\/v2\/product_tag?post=40205"}],"curies":[{"name":"wp","href":"https:\/\/api.w.org\/{rel}","templated":true}]}}