{"id":40136,"date":"2026-05-16T04:37:44","date_gmt":"2026-05-16T08:37:44","guid":{"rendered":"https:\/\/gretapearls.com\/en\/?post_type=product&#038;p=40136"},"modified":"2026-05-16T11:02:37","modified_gmt":"2026-05-16T15:02:37","slug":"perles-de-couleur-naturelle-de-11-a-13-mm-perles-en-forme-de-coeur-au-lustre-intense","status":"publish","type":"product","link":"https:\/\/gretapearls.com\/fr\/shop\/11-13mm-nature-color-pearls-strong-luster-heart-pearls\/","title":{"rendered":"Perles de couleur naturelle de 11 \u00e0 13 mm, perles en forme de c\u0153ur au lustre intense"},"content":{"rendered":"","protected":false},"excerpt":{"rendered":"<p>Ces perles d&#039;eau douce pr\u00e9sentent un \u00e9clat intense et une charmante forme de c\u0153ur. Elles se d\u00e9clinent en teintes champagne, blanches et violettes, avec des longueurs de rang d&#039;environ 38 \u00e0 39 cm. Cette collection polyvalente est id\u00e9ale pour la cr\u00e9ation de bijoux \u00e9l\u00e9gants et se marie parfaitement avec des colliers et des pendentifs.<\/p>","protected":false},"featured_media":40131,"comment_status":"open","ping_status":"closed","template":"","meta":[],"product_brand":[],"product_cat":[54,56],"product_tag":[83,90,85],"class_list":{"0":"post-40136","1":"product","2":"type-product","3":"status-publish","4":"has-post-thumbnail","6":"product_cat-freshwater-pearls-wholesale","7":"product_cat-baroque-pearls-wholesale","8":"product_tag-large-freshwater-pearls-wholesale","9":"product_tag-side-drilled-pearls","10":"product_tag-bulk-string-pearls","11":"pa_color-champagne-pearls","12":"pa_color-purple-pearls","13":"pa_color-white-pearls","14":"pa_shape-heart-pearls","16":"first","17":"instock","18":"taxable","19":"shipping-taxable","20":"purchasable","21":"product-type-variable"},"tiered_pricing_type":"fixed","tiered_pricing_fixed_rules":[],"tiered_pricing_product_settings":{"layout":"default","base_unit_name":{"singular":null,"plural":null},"default_variation":null},"tiered_pricing_minimum_quantity":null,"tiered_pricing_roles_data":[],"tiered_pricing_percentage_rules":[],"tiered_pricing_maximum_quantity":null,"tiered_pricing_quantity_step":null,"_links":{"self":[{"href":"https:\/\/gretapearls.com\/fr\/wp-json\/wp\/v2\/product\/40136","targetHints":{"allow":["GET"]}}],"collection":[{"href":"https:\/\/gretapearls.com\/fr\/wp-json\/wp\/v2\/product"}],"about":[{"href":"https:\/\/gretapearls.com\/fr\/wp-json\/wp\/v2\/types\/product"}],"replies":[{"embeddable":true,"href":"https:\/\/gretapearls.com\/fr\/wp-json\/wp\/v2\/comments?post=40136"}],"wp:featuredmedia":[{"embeddable":true,"href":"https:\/\/gretapearls.com\/fr\/wp-json\/wp\/v2\/media\/40131"}],"wp:attachment":[{"href":"https:\/\/gretapearls.com\/fr\/wp-json\/wp\/v2\/media?parent=40136"}],"wp:term":[{"taxonomy":"product_brand","embeddable":true,"href":"https:\/\/gretapearls.com\/fr\/wp-json\/wp\/v2\/product_brand?post=40136"},{"taxonomy":"product_cat","embeddable":true,"href":"https:\/\/gretapearls.com\/fr\/wp-json\/wp\/v2\/product_cat?post=40136"},{"taxonomy":"product_tag","embeddable":true,"href":"https:\/\/gretapearls.com\/fr\/wp-json\/wp\/v2\/product_tag?post=40136"}],"curies":[{"name":"wp","href":"https:\/\/api.w.org\/{rel}","templated":true}]}}