{"id":39691,"date":"2026-04-14T06:24:30","date_gmt":"2026-04-14T10:24:30","guid":{"rendered":"https:\/\/gretapearls.com\/en\/?post_type=product&#038;p=39691"},"modified":"2026-04-17T02:17:57","modified_gmt":"2026-04-17T06:17:57","slug":"perles-baroques-deau-douce-en-forme-de-larme-de-9-a-10-mm-au-beau-lustre","status":"publish","type":"product","link":"https:\/\/gretapearls.com\/fr\/shop\/9-10mm-good-luster-teardrop-baroque-freshwater-pearls\/","title":{"rendered":"Perles baroques d&#039;eau douce en forme de larme, de 9 \u00e0 10 mm, au beau lustre"},"content":{"rendered":"","protected":false},"excerpt":{"rendered":"<p>Ce collier est compos\u00e9 de perles d&#039;eau douce de 9 \u00e0 10 mm, \u00e0 la forme originale en goutte d&#039;eau et au corps naturellement couleur champagne. Perc\u00e9es et enfil\u00e9es, les perles pr\u00e9sentent des surfaces majoritairement lisses et un lustre doux et classique, caract\u00e9ristique des perles d&#039;eau douce. Id\u00e9ales pour la cr\u00e9ation de bijoux vari\u00e9s, elles s&#039;accordent aussi bien avec des montures simples qu&#039;avec des pi\u00e8ces plus sophistiqu\u00e9es, d&#039;inspiration boh\u00e8me.<\/p>","protected":false},"featured_media":39686,"comment_status":"open","ping_status":"closed","template":"","meta":[],"product_brand":[],"product_cat":[54,56],"product_tag":[91,83,85],"class_list":{"0":"post-39691","1":"product","2":"type-product","3":"status-publish","4":"has-post-thumbnail","6":"product_cat-freshwater-pearls-wholesale","7":"product_cat-baroque-pearls-wholesale","8":"product_tag-full-drilled-pearls","9":"product_tag-large-freshwater-pearls-wholesale","10":"product_tag-bulk-string-pearls","11":"pa_color-white-pearls","12":"pa_shape-teardrop-pearls","14":"first","15":"instock","16":"taxable","17":"shipping-taxable","18":"purchasable","19":"product-type-simple"},"tiered_pricing_type":"fixed","tiered_pricing_fixed_rules":[],"tiered_pricing_product_settings":{"layout":"default","base_unit_name":{"singular":null,"plural":null},"default_variation":null},"tiered_pricing_minimum_quantity":null,"tiered_pricing_roles_data":[],"tiered_pricing_percentage_rules":[],"tiered_pricing_maximum_quantity":null,"tiered_pricing_quantity_step":null,"_links":{"self":[{"href":"https:\/\/gretapearls.com\/fr\/wp-json\/wp\/v2\/product\/39691","targetHints":{"allow":["GET"]}}],"collection":[{"href":"https:\/\/gretapearls.com\/fr\/wp-json\/wp\/v2\/product"}],"about":[{"href":"https:\/\/gretapearls.com\/fr\/wp-json\/wp\/v2\/types\/product"}],"replies":[{"embeddable":true,"href":"https:\/\/gretapearls.com\/fr\/wp-json\/wp\/v2\/comments?post=39691"}],"wp:featuredmedia":[{"embeddable":true,"href":"https:\/\/gretapearls.com\/fr\/wp-json\/wp\/v2\/media\/39686"}],"wp:attachment":[{"href":"https:\/\/gretapearls.com\/fr\/wp-json\/wp\/v2\/media?parent=39691"}],"wp:term":[{"taxonomy":"product_brand","embeddable":true,"href":"https:\/\/gretapearls.com\/fr\/wp-json\/wp\/v2\/product_brand?post=39691"},{"taxonomy":"product_cat","embeddable":true,"href":"https:\/\/gretapearls.com\/fr\/wp-json\/wp\/v2\/product_cat?post=39691"},{"taxonomy":"product_tag","embeddable":true,"href":"https:\/\/gretapearls.com\/fr\/wp-json\/wp\/v2\/product_tag?post=39691"}],"curies":[{"name":"wp","href":"https:\/\/api.w.org\/{rel}","templated":true}]}}