{"id":39214,"date":"2026-03-26T08:36:59","date_gmt":"2026-03-26T12:36:59","guid":{"rendered":"https:\/\/gretapearls.com\/en\/?post_type=product&#038;p=39214"},"modified":"2026-03-26T12:13:33","modified_gmt":"2026-03-26T16:13:33","slug":"boucles-doreilles-en-nacre-et-perles","status":"publish","type":"product","link":"https:\/\/gretapearls.com\/fr\/shop\/mother-of-pearl-pearl-cluster-earrings\/","title":{"rendered":"Boucles d&#039;oreilles en nacre et perles"},"content":{"rendered":"","protected":false},"excerpt":{"rendered":"<p>Ces superbes boucles d&#039;oreilles pendantes sont orn\u00e9es de grandes gouttes de nacre aux reflets iris\u00e9s, suspendues \u00e0 des tiges en argent 925 plaqu\u00e9 or. Un d\u00e9licat bouquet de perles d&#039;eau douce et de fleurs en coquillage sculpt\u00e9es \u00e0 la main apporte une touche artisanale unique que vos clientes adoreront.<\/p>","protected":false},"featured_media":39209,"comment_status":"open","ping_status":"closed","template":"","meta":[],"product_brand":[],"product_cat":[93,94],"product_tag":[],"class_list":{"0":"post-39214","1":"product","2":"type-product","3":"status-publish","4":"has-post-thumbnail","6":"product_cat-wholesale-pearl-earrings","7":"product_cat-wholesale-pearl-drop-earrings","9":"first","10":"instock","11":"taxable","12":"shipping-taxable","13":"purchasable","14":"product-type-simple"},"tiered_pricing_type":"fixed","tiered_pricing_fixed_rules":[],"tiered_pricing_product_settings":{"layout":"default","base_unit_name":{"singular":null,"plural":null},"default_variation":null},"tiered_pricing_minimum_quantity":null,"tiered_pricing_roles_data":[],"tiered_pricing_percentage_rules":[],"tiered_pricing_maximum_quantity":null,"tiered_pricing_quantity_step":null,"_links":{"self":[{"href":"https:\/\/gretapearls.com\/fr\/wp-json\/wp\/v2\/product\/39214","targetHints":{"allow":["GET"]}}],"collection":[{"href":"https:\/\/gretapearls.com\/fr\/wp-json\/wp\/v2\/product"}],"about":[{"href":"https:\/\/gretapearls.com\/fr\/wp-json\/wp\/v2\/types\/product"}],"replies":[{"embeddable":true,"href":"https:\/\/gretapearls.com\/fr\/wp-json\/wp\/v2\/comments?post=39214"}],"wp:featuredmedia":[{"embeddable":true,"href":"https:\/\/gretapearls.com\/fr\/wp-json\/wp\/v2\/media\/39209"}],"wp:attachment":[{"href":"https:\/\/gretapearls.com\/fr\/wp-json\/wp\/v2\/media?parent=39214"}],"wp:term":[{"taxonomy":"product_brand","embeddable":true,"href":"https:\/\/gretapearls.com\/fr\/wp-json\/wp\/v2\/product_brand?post=39214"},{"taxonomy":"product_cat","embeddable":true,"href":"https:\/\/gretapearls.com\/fr\/wp-json\/wp\/v2\/product_cat?post=39214"},{"taxonomy":"product_tag","embeddable":true,"href":"https:\/\/gretapearls.com\/fr\/wp-json\/wp\/v2\/product_tag?post=39214"}],"curies":[{"name":"wp","href":"https:\/\/api.w.org\/{rel}","templated":true}]}}