{"id":39197,"date":"2026-03-26T08:35:46","date_gmt":"2026-03-26T12:35:46","guid":{"rendered":"https:\/\/gretapearls.com\/en\/?post_type=product&#038;p=39197"},"modified":"2026-03-26T12:09:18","modified_gmt":"2026-03-26T16:09:18","slug":"boucles-doreilles-pendantes-en-perle-naturelle-et-quartz-clair","status":"publish","type":"product","link":"https:\/\/gretapearls.com\/fr\/shop\/natural-pearl-clear-quartz-drop-earrings\/","title":{"rendered":"Boucles d&#039;oreilles pendantes en perle naturelle et quartz clair"},"content":{"rendered":"","protected":false},"excerpt":{"rendered":"<p>Con\u00e7ues pour votre collection, ces boucles d&#039;oreilles pr\u00e9sentent des perles d&#039;eau douce naturelles et du quartz clair sur des tiges en argent S925 plaqu\u00e9 or 14 carats. On adore leur design lin\u00e9aire unique o\u00f9 un zircon cubique \u00e9tincelant relie les \u00e9l\u00e9ments, cr\u00e9ant un pendentif d\u00e9licat et lumineux.<\/p>","protected":false},"featured_media":39193,"comment_status":"open","ping_status":"closed","template":"","meta":[],"product_brand":[],"product_cat":[93,94],"product_tag":[],"class_list":{"0":"post-39197","1":"product","2":"type-product","3":"status-publish","4":"has-post-thumbnail","6":"product_cat-wholesale-pearl-earrings","7":"product_cat-wholesale-pearl-drop-earrings","9":"first","10":"instock","11":"taxable","12":"shipping-taxable","13":"purchasable","14":"product-type-variable"},"tiered_pricing_type":"fixed","tiered_pricing_fixed_rules":[],"tiered_pricing_product_settings":{"layout":"default","base_unit_name":{"singular":null,"plural":null},"default_variation":null},"tiered_pricing_minimum_quantity":null,"tiered_pricing_roles_data":[],"tiered_pricing_percentage_rules":[],"tiered_pricing_maximum_quantity":null,"tiered_pricing_quantity_step":null,"_links":{"self":[{"href":"https:\/\/gretapearls.com\/fr\/wp-json\/wp\/v2\/product\/39197","targetHints":{"allow":["GET"]}}],"collection":[{"href":"https:\/\/gretapearls.com\/fr\/wp-json\/wp\/v2\/product"}],"about":[{"href":"https:\/\/gretapearls.com\/fr\/wp-json\/wp\/v2\/types\/product"}],"replies":[{"embeddable":true,"href":"https:\/\/gretapearls.com\/fr\/wp-json\/wp\/v2\/comments?post=39197"}],"wp:featuredmedia":[{"embeddable":true,"href":"https:\/\/gretapearls.com\/fr\/wp-json\/wp\/v2\/media\/39193"}],"wp:attachment":[{"href":"https:\/\/gretapearls.com\/fr\/wp-json\/wp\/v2\/media?parent=39197"}],"wp:term":[{"taxonomy":"product_brand","embeddable":true,"href":"https:\/\/gretapearls.com\/fr\/wp-json\/wp\/v2\/product_brand?post=39197"},{"taxonomy":"product_cat","embeddable":true,"href":"https:\/\/gretapearls.com\/fr\/wp-json\/wp\/v2\/product_cat?post=39197"},{"taxonomy":"product_tag","embeddable":true,"href":"https:\/\/gretapearls.com\/fr\/wp-json\/wp\/v2\/product_tag?post=39197"}],"curies":[{"name":"wp","href":"https:\/\/api.w.org\/{rel}","templated":true}]}}