{"id":38828,"date":"2026-03-20T06:30:45","date_gmt":"2026-03-20T10:30:45","guid":{"rendered":"https:\/\/gretapearls.com\/en\/?post_type=product&#038;p=38828"},"modified":"2026-05-05T11:43:00","modified_gmt":"2026-05-05T15:43:00","slug":"une-feuille-de-6-perles-rondes-baroques-de-couleur-naturelle-de-8-mm","status":"publish","type":"product","link":"https:\/\/gretapearls.com\/fr\/shop\/one-sheet-6-8mm-natural-colored-baroque-round-pearls\/","title":{"rendered":"Une feuille de perles rondes baroques de couleur naturelle de 6 \u00e0 8 mm"},"content":{"rendered":"","protected":false},"excerpt":{"rendered":"<p>Une magnifique plaque de perles rondes de style baroque. Elles pr\u00e9sentent une coloration naturelle et une forme ronde typiquement baroque, un style rare sur le march\u00e9. Par d\u00e9faut, les perles sont livr\u00e9es non perc\u00e9es\u00a0; si vous souhaitez qu&#039;elles soient perc\u00e9es, veuillez l&#039;indiquer lors de votre commande.<\/p>","protected":false},"featured_media":38824,"comment_status":"open","ping_status":"closed","template":"","meta":[],"product_brand":[],"product_cat":[54,56,141],"product_tag":[87,82,88],"class_list":{"0":"post-38828","1":"product","2":"type-product","3":"status-publish","4":"has-post-thumbnail","6":"product_cat-freshwater-pearls-wholesale","7":"product_cat-baroque-pearls-wholesale","8":"product_cat-promotions","9":"product_tag-matching-pearls","10":"product_tag-medium-freshwater-pearls-wholesale","11":"product_tag-no-hole-pearls-bulk","12":"pa_color-candy-pearls","13":"pa_shape-round-pearls","15":"first","16":"instock","17":"sale","18":"taxable","19":"shipping-taxable","20":"purchasable","21":"product-type-simple"},"tiered_pricing_type":"fixed","tiered_pricing_fixed_rules":[],"tiered_pricing_product_settings":{"layout":"default","base_unit_name":{"singular":null,"plural":null},"default_variation":null},"tiered_pricing_minimum_quantity":null,"tiered_pricing_roles_data":[],"tiered_pricing_percentage_rules":[],"tiered_pricing_maximum_quantity":null,"tiered_pricing_quantity_step":null,"_links":{"self":[{"href":"https:\/\/gretapearls.com\/fr\/wp-json\/wp\/v2\/product\/38828","targetHints":{"allow":["GET"]}}],"collection":[{"href":"https:\/\/gretapearls.com\/fr\/wp-json\/wp\/v2\/product"}],"about":[{"href":"https:\/\/gretapearls.com\/fr\/wp-json\/wp\/v2\/types\/product"}],"replies":[{"embeddable":true,"href":"https:\/\/gretapearls.com\/fr\/wp-json\/wp\/v2\/comments?post=38828"}],"wp:featuredmedia":[{"embeddable":true,"href":"https:\/\/gretapearls.com\/fr\/wp-json\/wp\/v2\/media\/38824"}],"wp:attachment":[{"href":"https:\/\/gretapearls.com\/fr\/wp-json\/wp\/v2\/media?parent=38828"}],"wp:term":[{"taxonomy":"product_brand","embeddable":true,"href":"https:\/\/gretapearls.com\/fr\/wp-json\/wp\/v2\/product_brand?post=38828"},{"taxonomy":"product_cat","embeddable":true,"href":"https:\/\/gretapearls.com\/fr\/wp-json\/wp\/v2\/product_cat?post=38828"},{"taxonomy":"product_tag","embeddable":true,"href":"https:\/\/gretapearls.com\/fr\/wp-json\/wp\/v2\/product_tag?post=38828"}],"curies":[{"name":"wp","href":"https:\/\/api.w.org\/{rel}","templated":true}]}}