{"id":33706,"date":"2025-11-12T11:50:52","date_gmt":"2025-11-12T15:50:52","guid":{"rendered":"https:\/\/gretapearls.com\/en\/?post_type=product&#038;p=33706"},"modified":"2026-02-07T15:26:01","modified_gmt":"2026-02-07T20:26:01","slug":"perles-deau-douce-biwa-extra-larges-et-de-haute-qualite-de-couleur-naturelle","status":"publish","type":"product","link":"https:\/\/gretapearls.com\/fr\/shop\/extra-large-high-quality-biwa-nature-colored-freshwater-pearls\/","title":{"rendered":"Perles d&#039;eau douce Biwa extra-larges et de haute qualit\u00e9, de couleur naturelle"},"content":{"rendered":"","protected":false},"excerpt":{"rendered":"<p>Ce sont des perles baroques d&#039;eau douce de forme Biwa, extra-larges, \u00e0 triple trou. Leur forme allong\u00e9e et irr\u00e9guli\u00e8re, leur surface nacr\u00e9e lisse et leur \u00e9clat intense se d\u00e9clinent dans des tons champagne, violet et ivoire. Elles sont id\u00e9ales pour la confection de colliers superpos\u00e9s, de ras-de-cou imposants ou de bijoux artistiques uniques.<\/p>","protected":false},"featured_media":33705,"comment_status":"open","ping_status":"closed","template":"","meta":[],"product_brand":[],"product_cat":[54,56,124],"product_tag":[83,90,85],"class_list":{"0":"post-33706","1":"product","2":"type-product","3":"status-publish","4":"has-post-thumbnail","6":"product_cat-freshwater-pearls-wholesale","7":"product_cat-baroque-pearls-wholesale","8":"product_cat-irregular-pearls","9":"product_tag-large-freshwater-pearls-wholesale","10":"product_tag-side-drilled-pearls","11":"product_tag-bulk-string-pearls","12":"pa_color-champagne-pearls","13":"pa_color-purple-pearls","14":"pa_color-white-pearls","15":"pa_shape-biwa-pearls","17":"first","18":"instock","19":"taxable","20":"shipping-taxable","21":"purchasable","22":"product-type-variable"},"tiered_pricing_type":"fixed","tiered_pricing_fixed_rules":[],"tiered_pricing_product_settings":{"layout":"default","base_unit_name":{"singular":null,"plural":null},"default_variation":null},"tiered_pricing_minimum_quantity":null,"tiered_pricing_roles_data":[],"tiered_pricing_percentage_rules":[],"tiered_pricing_maximum_quantity":null,"tiered_pricing_quantity_step":null,"_links":{"self":[{"href":"https:\/\/gretapearls.com\/fr\/wp-json\/wp\/v2\/product\/33706","targetHints":{"allow":["GET"]}}],"collection":[{"href":"https:\/\/gretapearls.com\/fr\/wp-json\/wp\/v2\/product"}],"about":[{"href":"https:\/\/gretapearls.com\/fr\/wp-json\/wp\/v2\/types\/product"}],"replies":[{"embeddable":true,"href":"https:\/\/gretapearls.com\/fr\/wp-json\/wp\/v2\/comments?post=33706"}],"wp:featuredmedia":[{"embeddable":true,"href":"https:\/\/gretapearls.com\/fr\/wp-json\/wp\/v2\/media\/33705"}],"wp:attachment":[{"href":"https:\/\/gretapearls.com\/fr\/wp-json\/wp\/v2\/media?parent=33706"}],"wp:term":[{"taxonomy":"product_brand","embeddable":true,"href":"https:\/\/gretapearls.com\/fr\/wp-json\/wp\/v2\/product_brand?post=33706"},{"taxonomy":"product_cat","embeddable":true,"href":"https:\/\/gretapearls.com\/fr\/wp-json\/wp\/v2\/product_cat?post=33706"},{"taxonomy":"product_tag","embeddable":true,"href":"https:\/\/gretapearls.com\/fr\/wp-json\/wp\/v2\/product_tag?post=33706"}],"curies":[{"name":"wp","href":"https:\/\/api.w.org\/{rel}","templated":true}]}}