{"id":33244,"date":"2025-10-28T12:25:23","date_gmt":"2025-10-28T16:25:23","guid":{"rendered":"https:\/\/gretapearls.com\/en\/?post_type=product&#038;p=33244"},"modified":"2026-03-27T12:48:05","modified_gmt":"2026-03-27T16:48:05","slug":"perle-bouton-naturelle-deau-douce-de-9-5-et-10-mm","status":"publish","type":"product","link":"https:\/\/gretapearls.com\/fr\/shop\/9-5-10mm-natural-freshwater-button-pearl\/","title":{"rendered":"Perle bouton naturelle d&#039;eau douce de 9,5 \u00e0 10 mm"},"content":{"rendered":"","protected":false},"excerpt":{"rendered":"<p>Perles de culture d&#039;eau douce naturelles, de 9,5 \u00e0 10 mm, vendues \u00e0 l&#039;unit\u00e9. Lustre intense, surface lisse et teintes pastel de blanc, lavande et p\u00eache. Id\u00e9ales pour la cr\u00e9ation de boucles d&#039;oreilles, pendentifs ou bracelets, dans un style minimaliste ou vintage.<\/p>","protected":false},"featured_media":33240,"comment_status":"open","ping_status":"closed","template":"","meta":[],"product_brand":[],"product_cat":[54],"product_tag":[89,83,85],"class_list":{"0":"post-33244","1":"product","2":"type-product","3":"status-publish","4":"has-post-thumbnail","6":"product_cat-freshwater-pearls-wholesale","7":"product_tag-half-drilled-pearls","8":"product_tag-large-freshwater-pearls-wholesale","9":"product_tag-bulk-string-pearls","10":"pa_color-champagne-pearls","11":"pa_color-purple-pearls","12":"pa_color-white-pearls","13":"pa_shape-button-pearls","15":"first","16":"instock","17":"taxable","18":"shipping-taxable","19":"purchasable","20":"product-type-variable"},"tiered_pricing_type":"fixed","tiered_pricing_fixed_rules":[],"tiered_pricing_product_settings":{"layout":"default","base_unit_name":{"singular":null,"plural":null},"default_variation":null},"tiered_pricing_minimum_quantity":null,"tiered_pricing_roles_data":[],"tiered_pricing_percentage_rules":[],"tiered_pricing_maximum_quantity":null,"tiered_pricing_quantity_step":null,"_links":{"self":[{"href":"https:\/\/gretapearls.com\/fr\/wp-json\/wp\/v2\/product\/33244","targetHints":{"allow":["GET"]}}],"collection":[{"href":"https:\/\/gretapearls.com\/fr\/wp-json\/wp\/v2\/product"}],"about":[{"href":"https:\/\/gretapearls.com\/fr\/wp-json\/wp\/v2\/types\/product"}],"replies":[{"embeddable":true,"href":"https:\/\/gretapearls.com\/fr\/wp-json\/wp\/v2\/comments?post=33244"}],"wp:featuredmedia":[{"embeddable":true,"href":"https:\/\/gretapearls.com\/fr\/wp-json\/wp\/v2\/media\/33240"}],"wp:attachment":[{"href":"https:\/\/gretapearls.com\/fr\/wp-json\/wp\/v2\/media?parent=33244"}],"wp:term":[{"taxonomy":"product_brand","embeddable":true,"href":"https:\/\/gretapearls.com\/fr\/wp-json\/wp\/v2\/product_brand?post=33244"},{"taxonomy":"product_cat","embeddable":true,"href":"https:\/\/gretapearls.com\/fr\/wp-json\/wp\/v2\/product_cat?post=33244"},{"taxonomy":"product_tag","embeddable":true,"href":"https:\/\/gretapearls.com\/fr\/wp-json\/wp\/v2\/product_tag?post=33244"}],"curies":[{"name":"wp","href":"https:\/\/api.w.org\/{rel}","templated":true}]}}