{"id":33207,"date":"2025-10-28T12:22:23","date_gmt":"2025-10-28T16:22:23","guid":{"rendered":"https:\/\/gretapearls.com\/en\/?post_type=product&#038;p=33207"},"modified":"2026-04-22T19:47:41","modified_gmt":"2026-04-22T23:47:41","slug":"collier-de-perles-noires-naturelles-deau-douce-en-forme-de-riz-6-a-7-mm","status":"publish","type":"product","link":"https:\/\/gretapearls.com\/fr\/shop\/6-7mm-black-natural-freshwater-rice-shaped-string-of-pearls\/","title":{"rendered":"Collier de perles noires naturelles d&#039;eau douce en forme de riz de 6 \u00e0 7 mm"},"content":{"rendered":"","protected":false},"excerpt":{"rendered":"<p>Perles de culture d&#039;eau douce naturelles, de forme allong\u00e9e (6-7 mm), mont\u00e9es sur un fil de 40 cm. D&#039;un noir profond aux reflets subtils, elles pr\u00e9sentent une surface lisse et semi-brillante. Id\u00e9ales pour la cr\u00e9ation de colliers et bracelets, elles s&#039;accordent parfaitement avec des appr\u00eats en argent ou en or.<\/p>","protected":false},"featured_media":33202,"comment_status":"open","ping_status":"closed","template":"","meta":[],"product_brand":[],"product_cat":[54,144],"product_tag":[91,82,85],"class_list":{"0":"post-33207","1":"product","2":"type-product","3":"status-publish","4":"has-post-thumbnail","6":"product_cat-freshwater-pearls-wholesale","7":"product_cat-dyed-pearls","8":"product_tag-full-drilled-pearls","9":"product_tag-medium-freshwater-pearls-wholesale","10":"product_tag-bulk-string-pearls","11":"pa_color-black-pearls","12":"pa_shape-rice-pearls","14":"first","15":"instock","16":"taxable","17":"shipping-taxable","18":"purchasable","19":"product-type-simple"},"tiered_pricing_type":"fixed","tiered_pricing_fixed_rules":[],"tiered_pricing_product_settings":{"layout":"default","base_unit_name":{"singular":null,"plural":null},"default_variation":null},"tiered_pricing_minimum_quantity":null,"tiered_pricing_roles_data":[],"tiered_pricing_percentage_rules":[],"tiered_pricing_maximum_quantity":null,"tiered_pricing_quantity_step":null,"_links":{"self":[{"href":"https:\/\/gretapearls.com\/fr\/wp-json\/wp\/v2\/product\/33207","targetHints":{"allow":["GET"]}}],"collection":[{"href":"https:\/\/gretapearls.com\/fr\/wp-json\/wp\/v2\/product"}],"about":[{"href":"https:\/\/gretapearls.com\/fr\/wp-json\/wp\/v2\/types\/product"}],"replies":[{"embeddable":true,"href":"https:\/\/gretapearls.com\/fr\/wp-json\/wp\/v2\/comments?post=33207"}],"wp:featuredmedia":[{"embeddable":true,"href":"https:\/\/gretapearls.com\/fr\/wp-json\/wp\/v2\/media\/33202"}],"wp:attachment":[{"href":"https:\/\/gretapearls.com\/fr\/wp-json\/wp\/v2\/media?parent=33207"}],"wp:term":[{"taxonomy":"product_brand","embeddable":true,"href":"https:\/\/gretapearls.com\/fr\/wp-json\/wp\/v2\/product_brand?post=33207"},{"taxonomy":"product_cat","embeddable":true,"href":"https:\/\/gretapearls.com\/fr\/wp-json\/wp\/v2\/product_cat?post=33207"},{"taxonomy":"product_tag","embeddable":true,"href":"https:\/\/gretapearls.com\/fr\/wp-json\/wp\/v2\/product_tag?post=33207"}],"curies":[{"name":"wp","href":"https:\/\/api.w.org\/{rel}","templated":true}]}}