{"id":33171,"date":"2025-10-28T12:16:53","date_gmt":"2025-10-28T16:16:53","guid":{"rendered":"https:\/\/gretapearls.com\/en\/?post_type=product&#038;p=33171"},"modified":"2026-02-07T15:26:01","modified_gmt":"2026-02-07T20:26:01","slug":"collier-de-perles-edison-rondes-dorees-violettes-et-naturelles-de-8-a-9-mm-de-diametre-en-perles-edison-lustrees","status":"publish","type":"product","link":"https:\/\/gretapearls.com\/fr\/shop\/8-9mm-gold-purple-natural-lustrous-edison-round-pearl-strand\/","title":{"rendered":"Collier de perles Edison rondes, naturelles, dor\u00e9es et violettes, de 8 \u00e0 9 mm."},"content":{"rendered":"","protected":false},"excerpt":{"rendered":"<p>Ces perles d&#039;eau douce Edison naturelles sont des perles rondes de 8 \u00e0 9 mm aux reflets dor\u00e9s et violets. Elles pr\u00e9sentent un lustre intense et une surface lisse, et sont mont\u00e9es en un \u00e9l\u00e9gant collier simple. Id\u00e9al pour les soir\u00e9es habill\u00e9es, les parures de mari\u00e9e et les tenues classiques du quotidien.<\/p>","protected":false},"featured_media":33166,"comment_status":"open","ping_status":"closed","template":"","meta":[],"product_brand":[],"product_cat":[57],"product_tag":[91,83,85],"class_list":{"0":"post-33171","1":"product","2":"type-product","3":"status-publish","4":"has-post-thumbnail","6":"product_cat-edison-pearls-wholesale","7":"product_tag-full-drilled-pearls","8":"product_tag-large-freshwater-pearls-wholesale","9":"product_tag-bulk-string-pearls","10":"pa_color-champagne-pearls","11":"pa_color-purple-pearls","12":"pa_shape-round-pearls","14":"first","15":"instock","16":"taxable","17":"shipping-taxable","18":"purchasable","19":"product-type-variable"},"tiered_pricing_type":"fixed","tiered_pricing_fixed_rules":[],"tiered_pricing_product_settings":{"layout":"default","base_unit_name":{"singular":null,"plural":null},"default_variation":null},"tiered_pricing_minimum_quantity":null,"tiered_pricing_roles_data":[],"tiered_pricing_percentage_rules":[],"tiered_pricing_maximum_quantity":null,"tiered_pricing_quantity_step":null,"_links":{"self":[{"href":"https:\/\/gretapearls.com\/fr\/wp-json\/wp\/v2\/product\/33171","targetHints":{"allow":["GET"]}}],"collection":[{"href":"https:\/\/gretapearls.com\/fr\/wp-json\/wp\/v2\/product"}],"about":[{"href":"https:\/\/gretapearls.com\/fr\/wp-json\/wp\/v2\/types\/product"}],"replies":[{"embeddable":true,"href":"https:\/\/gretapearls.com\/fr\/wp-json\/wp\/v2\/comments?post=33171"}],"wp:featuredmedia":[{"embeddable":true,"href":"https:\/\/gretapearls.com\/fr\/wp-json\/wp\/v2\/media\/33166"}],"wp:attachment":[{"href":"https:\/\/gretapearls.com\/fr\/wp-json\/wp\/v2\/media?parent=33171"}],"wp:term":[{"taxonomy":"product_brand","embeddable":true,"href":"https:\/\/gretapearls.com\/fr\/wp-json\/wp\/v2\/product_brand?post=33171"},{"taxonomy":"product_cat","embeddable":true,"href":"https:\/\/gretapearls.com\/fr\/wp-json\/wp\/v2\/product_cat?post=33171"},{"taxonomy":"product_tag","embeddable":true,"href":"https:\/\/gretapearls.com\/fr\/wp-json\/wp\/v2\/product_tag?post=33171"}],"curies":[{"name":"wp","href":"https:\/\/api.w.org\/{rel}","templated":true}]}}