{"id":32993,"date":"2025-10-28T11:57:16","date_gmt":"2025-10-28T15:57:16","guid":{"rendered":"https:\/\/gretapearls.com\/en\/?post_type=product&#038;p=32993"},"modified":"2026-02-07T11:07:47","modified_gmt":"2026-02-07T16:07:47","slug":"pendentif-en-argent-925-avec-perle-baroque-irreguliere","status":"publish","type":"product","link":"https:\/\/gretapearls.com\/fr\/shop\/silver-s925-irregular-baroque-pearl-pendant\/","title":{"rendered":"Pendentif en argent S925 avec perle baroque irr\u00e9guli\u00e8re"},"content":{"rendered":"","protected":false},"excerpt":{"rendered":"<p>Ce pendentif est une perle baroque d&#039;eau douce sertie dans de l&#039;argent sterling S925. Sa forme irr\u00e9guli\u00e8re r\u00e9v\u00e8le un doux \u00e9clat blanc, de d\u00e9licats reflets pastel et une texture naturelle. Id\u00e9al pour la cr\u00e9ation de colliers, \u00e0 porter seul ou en superposition, pour un style d\u00e9contract\u00e9 ou habill\u00e9.<\/p>","protected":false},"featured_media":32983,"comment_status":"open","ping_status":"closed","template":"","meta":[],"product_brand":[],"product_cat":[80],"product_tag":[89],"class_list":{"0":"post-32993","1":"product","2":"type-product","3":"status-publish","4":"has-post-thumbnail","6":"product_cat-pearl-pendant-wholesale","7":"product_tag-half-drilled-pearls","9":"first","10":"instock","11":"taxable","12":"shipping-taxable","13":"purchasable","14":"product-type-variable"},"tiered_pricing_type":"fixed","tiered_pricing_fixed_rules":[],"tiered_pricing_product_settings":{"layout":"default","base_unit_name":{"singular":null,"plural":null},"default_variation":null},"tiered_pricing_minimum_quantity":null,"tiered_pricing_roles_data":[],"tiered_pricing_percentage_rules":[],"tiered_pricing_maximum_quantity":null,"tiered_pricing_quantity_step":null,"_links":{"self":[{"href":"https:\/\/gretapearls.com\/fr\/wp-json\/wp\/v2\/product\/32993","targetHints":{"allow":["GET"]}}],"collection":[{"href":"https:\/\/gretapearls.com\/fr\/wp-json\/wp\/v2\/product"}],"about":[{"href":"https:\/\/gretapearls.com\/fr\/wp-json\/wp\/v2\/types\/product"}],"replies":[{"embeddable":true,"href":"https:\/\/gretapearls.com\/fr\/wp-json\/wp\/v2\/comments?post=32993"}],"wp:featuredmedia":[{"embeddable":true,"href":"https:\/\/gretapearls.com\/fr\/wp-json\/wp\/v2\/media\/32983"}],"wp:attachment":[{"href":"https:\/\/gretapearls.com\/fr\/wp-json\/wp\/v2\/media?parent=32993"}],"wp:term":[{"taxonomy":"product_brand","embeddable":true,"href":"https:\/\/gretapearls.com\/fr\/wp-json\/wp\/v2\/product_brand?post=32993"},{"taxonomy":"product_cat","embeddable":true,"href":"https:\/\/gretapearls.com\/fr\/wp-json\/wp\/v2\/product_cat?post=32993"},{"taxonomy":"product_tag","embeddable":true,"href":"https:\/\/gretapearls.com\/fr\/wp-json\/wp\/v2\/product_tag?post=32993"}],"curies":[{"name":"wp","href":"https:\/\/api.w.org\/{rel}","templated":true}]}}