{"id":32836,"date":"2025-10-28T11:44:43","date_gmt":"2025-10-28T15:44:43","guid":{"rendered":"https:\/\/gretapearls.com\/en\/?post_type=product&#038;p=32836"},"modified":"2026-02-07T11:07:40","modified_gmt":"2026-02-07T16:07:40","slug":"collier-de-perles-baroques-naturelles-deau-douce-de-12-a-22-mm-style-sirene-a-realiser-soi-meme","status":"publish","type":"product","link":"https:\/\/gretapearls.com\/fr\/shop\/12-22mm-natural-baroque-mermaid-diy-freshwater-pearl-strand\/","title":{"rendered":"Collier de perles baroques naturelles de 12 \u00e0 22 mm, style sir\u00e8ne, pour cr\u00e9er soi-m\u00eame un collier de perles d&#039;eau douce."},"content":{"rendered":"","protected":false},"excerpt":{"rendered":"<p>Perles de culture baroques d&#039;eau douce, de 12 \u00e0 22 mm. De forme irr\u00e9guli\u00e8re, d&#039;un blanc cr\u00e8me aux subtils reflets roses et verts, elles pr\u00e9sentent un lustre intense et une texture de surface visible. Id\u00e9ales pour la cr\u00e9ation de colliers, bracelets ou boucles d&#039;oreilles boh\u00e8mes chics et minimalistes.<\/p>","protected":false},"featured_media":32831,"comment_status":"open","ping_status":"closed","template":"","meta":[],"product_brand":[],"product_cat":[56],"product_tag":[91,90,85],"class_list":{"0":"post-32836","1":"product","2":"type-product","3":"status-publish","4":"has-post-thumbnail","6":"product_cat-baroque-pearls-wholesale","7":"product_tag-full-drilled-pearls","8":"product_tag-side-drilled-pearls","9":"product_tag-bulk-string-pearls","10":"pa_color-white-pearls","11":"pa_shape-freeform-pearls","13":"first","14":"instock","15":"taxable","16":"shipping-taxable","17":"purchasable","18":"product-type-simple"},"tiered_pricing_type":"fixed","tiered_pricing_fixed_rules":[],"tiered_pricing_product_settings":{"layout":"default","base_unit_name":{"singular":null,"plural":null},"default_variation":null},"tiered_pricing_minimum_quantity":null,"tiered_pricing_roles_data":[],"tiered_pricing_percentage_rules":[],"tiered_pricing_maximum_quantity":null,"tiered_pricing_quantity_step":null,"_links":{"self":[{"href":"https:\/\/gretapearls.com\/fr\/wp-json\/wp\/v2\/product\/32836","targetHints":{"allow":["GET"]}}],"collection":[{"href":"https:\/\/gretapearls.com\/fr\/wp-json\/wp\/v2\/product"}],"about":[{"href":"https:\/\/gretapearls.com\/fr\/wp-json\/wp\/v2\/types\/product"}],"replies":[{"embeddable":true,"href":"https:\/\/gretapearls.com\/fr\/wp-json\/wp\/v2\/comments?post=32836"}],"wp:featuredmedia":[{"embeddable":true,"href":"https:\/\/gretapearls.com\/fr\/wp-json\/wp\/v2\/media\/32831"}],"wp:attachment":[{"href":"https:\/\/gretapearls.com\/fr\/wp-json\/wp\/v2\/media?parent=32836"}],"wp:term":[{"taxonomy":"product_brand","embeddable":true,"href":"https:\/\/gretapearls.com\/fr\/wp-json\/wp\/v2\/product_brand?post=32836"},{"taxonomy":"product_cat","embeddable":true,"href":"https:\/\/gretapearls.com\/fr\/wp-json\/wp\/v2\/product_cat?post=32836"},{"taxonomy":"product_tag","embeddable":true,"href":"https:\/\/gretapearls.com\/fr\/wp-json\/wp\/v2\/product_tag?post=32836"}],"curies":[{"name":"wp","href":"https:\/\/api.w.org\/{rel}","templated":true}]}}