{"id":31565,"date":"2025-09-27T11:22:15","date_gmt":"2025-09-27T15:22:15","guid":{"rendered":"https:\/\/gretapearls.com\/en\/?post_type=product&#038;p=31565"},"modified":"2026-02-07T13:41:51","modified_gmt":"2026-02-07T18:41:51","slug":"collier-pendentif-en-quartz-rose-et-perles-baroques","status":"publish","type":"product","link":"https:\/\/gretapearls.com\/fr\/shop\/rose-quartz-and-baroque-pearl-pendant-necklace\/","title":{"rendered":"Collier pendentif en quartz rose et perles baroques"},"content":{"rendered":"","protected":false},"excerpt":{"rendered":"<p>Confectionn\u00e9 avec des perles cubiques de quartz rose facett\u00e9es, ce collier est orn\u00e9 d&#039;une perle baroque d&#039;eau douce lumineuse en son centre. D&#039;une longueur de 40 cm, il est muni d&#039;un fermoir en argent plaqu\u00e9 or 18 carats, alliant la texture des pierres pr\u00e9cieuses \u00e0 la beaut\u00e9 naturelle des perles.<\/p>","protected":false},"featured_media":31551,"comment_status":"open","ping_status":"closed","template":"","meta":[],"product_brand":[],"product_cat":[98,100],"product_tag":[],"class_list":{"0":"post-31565","1":"product","2":"type-product","3":"status-publish","4":"has-post-thumbnail","6":"product_cat-wholesale-pearl-necklace","7":"product_cat-wholesale-pearl-chokers","9":"first","10":"instock","11":"taxable","12":"shipping-taxable","13":"purchasable","14":"product-type-variable"},"tiered_pricing_type":"fixed","tiered_pricing_fixed_rules":[],"tiered_pricing_product_settings":{"layout":"default","base_unit_name":{"singular":null,"plural":null},"default_variation":null},"tiered_pricing_minimum_quantity":null,"tiered_pricing_roles_data":[],"tiered_pricing_percentage_rules":[],"tiered_pricing_maximum_quantity":null,"tiered_pricing_quantity_step":null,"_links":{"self":[{"href":"https:\/\/gretapearls.com\/fr\/wp-json\/wp\/v2\/product\/31565","targetHints":{"allow":["GET"]}}],"collection":[{"href":"https:\/\/gretapearls.com\/fr\/wp-json\/wp\/v2\/product"}],"about":[{"href":"https:\/\/gretapearls.com\/fr\/wp-json\/wp\/v2\/types\/product"}],"replies":[{"embeddable":true,"href":"https:\/\/gretapearls.com\/fr\/wp-json\/wp\/v2\/comments?post=31565"}],"wp:featuredmedia":[{"embeddable":true,"href":"https:\/\/gretapearls.com\/fr\/wp-json\/wp\/v2\/media\/31551"}],"wp:attachment":[{"href":"https:\/\/gretapearls.com\/fr\/wp-json\/wp\/v2\/media?parent=31565"}],"wp:term":[{"taxonomy":"product_brand","embeddable":true,"href":"https:\/\/gretapearls.com\/fr\/wp-json\/wp\/v2\/product_brand?post=31565"},{"taxonomy":"product_cat","embeddable":true,"href":"https:\/\/gretapearls.com\/fr\/wp-json\/wp\/v2\/product_cat?post=31565"},{"taxonomy":"product_tag","embeddable":true,"href":"https:\/\/gretapearls.com\/fr\/wp-json\/wp\/v2\/product_tag?post=31565"}],"curies":[{"name":"wp","href":"https:\/\/api.w.org\/{rel}","templated":true}]}}