{"id":31548,"date":"2025-09-27T11:21:30","date_gmt":"2025-09-27T15:21:30","guid":{"rendered":"https:\/\/gretapearls.com\/en\/?post_type=product&#038;p=31548"},"modified":"2026-02-07T13:41:51","modified_gmt":"2026-02-07T18:41:51","slug":"collier-de-perles-baroques-melangees","status":"publish","type":"product","link":"https:\/\/gretapearls.com\/fr\/shop\/mixed-baroque-nugget-pearl-necklace\/","title":{"rendered":"Collier de perles baroques m\u00e9lang\u00e9es"},"content":{"rendered":"","protected":false},"excerpt":{"rendered":"<p>Ce collier est compos\u00e9 d&#039;un rang de perles baroques d&#039;eau douce de forme vari\u00e9e, agr\u00e9ment\u00e9es d&#039;entretoises argent\u00e9es. Sa longueur de 39 cm met en valeur les formes irr\u00e9guli\u00e8res naturelles et les surfaces lustr\u00e9es des perles, offrant un style textur\u00e9 et unique.<\/p>","protected":false},"featured_media":31532,"comment_status":"open","ping_status":"closed","template":"","meta":[],"product_brand":[],"product_cat":[98,100],"product_tag":[],"class_list":{"0":"post-31548","1":"product","2":"type-product","3":"status-publish","4":"has-post-thumbnail","6":"product_cat-wholesale-pearl-necklace","7":"product_cat-wholesale-pearl-chokers","9":"first","10":"instock","11":"taxable","12":"shipping-taxable","13":"purchasable","14":"product-type-variable"},"tiered_pricing_type":"fixed","tiered_pricing_fixed_rules":[],"tiered_pricing_product_settings":{"layout":"default","base_unit_name":{"singular":null,"plural":null},"default_variation":null},"tiered_pricing_minimum_quantity":null,"tiered_pricing_roles_data":[],"tiered_pricing_percentage_rules":[],"tiered_pricing_maximum_quantity":null,"tiered_pricing_quantity_step":null,"_links":{"self":[{"href":"https:\/\/gretapearls.com\/fr\/wp-json\/wp\/v2\/product\/31548","targetHints":{"allow":["GET"]}}],"collection":[{"href":"https:\/\/gretapearls.com\/fr\/wp-json\/wp\/v2\/product"}],"about":[{"href":"https:\/\/gretapearls.com\/fr\/wp-json\/wp\/v2\/types\/product"}],"replies":[{"embeddable":true,"href":"https:\/\/gretapearls.com\/fr\/wp-json\/wp\/v2\/comments?post=31548"}],"wp:featuredmedia":[{"embeddable":true,"href":"https:\/\/gretapearls.com\/fr\/wp-json\/wp\/v2\/media\/31532"}],"wp:attachment":[{"href":"https:\/\/gretapearls.com\/fr\/wp-json\/wp\/v2\/media?parent=31548"}],"wp:term":[{"taxonomy":"product_brand","embeddable":true,"href":"https:\/\/gretapearls.com\/fr\/wp-json\/wp\/v2\/product_brand?post=31548"},{"taxonomy":"product_cat","embeddable":true,"href":"https:\/\/gretapearls.com\/fr\/wp-json\/wp\/v2\/product_cat?post=31548"},{"taxonomy":"product_tag","embeddable":true,"href":"https:\/\/gretapearls.com\/fr\/wp-json\/wp\/v2\/product_tag?post=31548"}],"curies":[{"name":"wp","href":"https:\/\/api.w.org\/{rel}","templated":true}]}}