{"id":31427,"date":"2025-09-27T11:15:59","date_gmt":"2025-09-27T15:15:59","guid":{"rendered":"https:\/\/gretapearls.com\/en\/?post_type=product&#038;p=31427"},"modified":"2026-02-07T13:41:51","modified_gmt":"2026-02-07T18:41:51","slug":"collier-de-perles-baroques-avec-pendentif-rond","status":"publish","type":"product","link":"https:\/\/gretapearls.com\/fr\/shop\/baroque-pearl-necklace-with-round-disc-pendant\/","title":{"rendered":"Collier de perles baroques avec pendentif rond"},"content":{"rendered":"","protected":false},"excerpt":{"rendered":"<p>Ce collier associe des perles baroques d&#039;eau douce de forme irr\u00e9guli\u00e8re \u00e0 de petites perles rondes, dispos\u00e9es en plusieurs rangs. Un pendentif en forme de disque orne le centre, conf\u00e9rant \u00e0 la pi\u00e8ce un aspect unique, inspir\u00e9 par l&#039;\u00e9quilibre du soleil et de la lune.<\/p>","protected":false},"featured_media":31409,"comment_status":"open","ping_status":"closed","template":"","meta":[],"product_brand":[],"product_cat":[98,104,100,103],"product_tag":[],"class_list":{"0":"post-31427","1":"product","2":"type-product","3":"status-publish","4":"has-post-thumbnail","6":"product_cat-wholesale-pearl-necklace","7":"product_cat-wholesale-pearl-beaded-bracelet","8":"product_cat-wholesale-pearl-chokers","9":"product_cat-bulk-pearl-bracelets","11":"first","12":"instock","13":"taxable","14":"shipping-taxable","15":"purchasable","16":"product-type-variable"},"tiered_pricing_type":"fixed","tiered_pricing_fixed_rules":[],"tiered_pricing_product_settings":{"layout":"default","base_unit_name":{"singular":null,"plural":null},"default_variation":null},"tiered_pricing_minimum_quantity":null,"tiered_pricing_roles_data":[],"tiered_pricing_percentage_rules":[],"tiered_pricing_maximum_quantity":null,"tiered_pricing_quantity_step":null,"_links":{"self":[{"href":"https:\/\/gretapearls.com\/fr\/wp-json\/wp\/v2\/product\/31427","targetHints":{"allow":["GET"]}}],"collection":[{"href":"https:\/\/gretapearls.com\/fr\/wp-json\/wp\/v2\/product"}],"about":[{"href":"https:\/\/gretapearls.com\/fr\/wp-json\/wp\/v2\/types\/product"}],"replies":[{"embeddable":true,"href":"https:\/\/gretapearls.com\/fr\/wp-json\/wp\/v2\/comments?post=31427"}],"wp:featuredmedia":[{"embeddable":true,"href":"https:\/\/gretapearls.com\/fr\/wp-json\/wp\/v2\/media\/31409"}],"wp:attachment":[{"href":"https:\/\/gretapearls.com\/fr\/wp-json\/wp\/v2\/media?parent=31427"}],"wp:term":[{"taxonomy":"product_brand","embeddable":true,"href":"https:\/\/gretapearls.com\/fr\/wp-json\/wp\/v2\/product_brand?post=31427"},{"taxonomy":"product_cat","embeddable":true,"href":"https:\/\/gretapearls.com\/fr\/wp-json\/wp\/v2\/product_cat?post=31427"},{"taxonomy":"product_tag","embeddable":true,"href":"https:\/\/gretapearls.com\/fr\/wp-json\/wp\/v2\/product_tag?post=31427"}],"curies":[{"name":"wp","href":"https:\/\/api.w.org\/{rel}","templated":true}]}}