{"id":31396,"date":"2025-09-27T11:14:32","date_gmt":"2025-09-27T15:14:32","guid":{"rendered":"https:\/\/gretapearls.com\/en\/?post_type=product&#038;p=31396"},"modified":"2026-02-07T13:41:47","modified_gmt":"2026-02-07T18:41:47","slug":"collier-de-perles-dambre-et-de-perles-baroques","status":"publish","type":"product","link":"https:\/\/gretapearls.com\/fr\/shop\/amber-bead-and-baroque-pearl-necklace\/","title":{"rendered":"Collier de perles d&#039;ambre et de perles baroques"},"content":{"rendered":"","protected":false},"excerpt":{"rendered":"<p>Ce collier met en valeur de grandes perles baroques d&#039;eau douce associ\u00e9es \u00e0 de riches perles d&#039;ambre, cr\u00e9ant un m\u00e9lange saisissant de textures et de nuances. Le collier de 43 cm harmonise les formes organiques des perles avec l&#039;\u00e9clat chaud et profond de l&#039;ambre.<\/p>","protected":false},"featured_media":31381,"comment_status":"open","ping_status":"closed","template":"","meta":[],"product_brand":[],"product_cat":[98,100],"product_tag":[],"class_list":{"0":"post-31396","1":"product","2":"type-product","3":"status-publish","4":"has-post-thumbnail","6":"product_cat-wholesale-pearl-necklace","7":"product_cat-wholesale-pearl-chokers","9":"first","10":"instock","11":"taxable","12":"shipping-taxable","13":"purchasable","14":"product-type-simple"},"tiered_pricing_type":"fixed","tiered_pricing_fixed_rules":[],"tiered_pricing_product_settings":{"layout":"default","base_unit_name":{"singular":null,"plural":null},"default_variation":null},"tiered_pricing_minimum_quantity":null,"tiered_pricing_roles_data":[],"tiered_pricing_percentage_rules":[],"tiered_pricing_maximum_quantity":null,"tiered_pricing_quantity_step":null,"_links":{"self":[{"href":"https:\/\/gretapearls.com\/fr\/wp-json\/wp\/v2\/product\/31396","targetHints":{"allow":["GET"]}}],"collection":[{"href":"https:\/\/gretapearls.com\/fr\/wp-json\/wp\/v2\/product"}],"about":[{"href":"https:\/\/gretapearls.com\/fr\/wp-json\/wp\/v2\/types\/product"}],"replies":[{"embeddable":true,"href":"https:\/\/gretapearls.com\/fr\/wp-json\/wp\/v2\/comments?post=31396"}],"wp:featuredmedia":[{"embeddable":true,"href":"https:\/\/gretapearls.com\/fr\/wp-json\/wp\/v2\/media\/31381"}],"wp:attachment":[{"href":"https:\/\/gretapearls.com\/fr\/wp-json\/wp\/v2\/media?parent=31396"}],"wp:term":[{"taxonomy":"product_brand","embeddable":true,"href":"https:\/\/gretapearls.com\/fr\/wp-json\/wp\/v2\/product_brand?post=31396"},{"taxonomy":"product_cat","embeddable":true,"href":"https:\/\/gretapearls.com\/fr\/wp-json\/wp\/v2\/product_cat?post=31396"},{"taxonomy":"product_tag","embeddable":true,"href":"https:\/\/gretapearls.com\/fr\/wp-json\/wp\/v2\/product_tag?post=31396"}],"curies":[{"name":"wp","href":"https:\/\/api.w.org\/{rel}","templated":true}]}}