{"id":31312,"date":"2025-09-27T11:10:48","date_gmt":"2025-09-27T15:10:48","guid":{"rendered":"https:\/\/gretapearls.com\/en\/?post_type=product&#038;p=31312"},"modified":"2026-02-07T13:41:47","modified_gmt":"2026-02-07T18:41:47","slug":"collier-en-argent-massif-avec-pendentif-en-perle-baroque-en-forme-de-croissant","status":"publish","type":"product","link":"https:\/\/gretapearls.com\/fr\/shop\/sterling-silver-necklace-with-crescent-baroque-pearl-pendant\/","title":{"rendered":"Collier en argent sterling avec pendentif en perle baroque en forme de croissant"},"content":{"rendered":"","protected":false},"excerpt":{"rendered":"<p>Ce collier est orn\u00e9 d&#039;une perle baroque d&#039;eau douce en forme de croissant, mont\u00e9e sur une d\u00e9licate cha\u00eene en argent sterling. La forme unique de la perle, \u00e9voquant la lune, conf\u00e8re au collier une allure \u00e0 la fois ludique et originale, tout en conservant un style minimaliste.<\/p>","protected":false},"featured_media":31303,"comment_status":"open","ping_status":"closed","template":"","meta":[],"product_brand":[],"product_cat":[98,99,101],"product_tag":[],"class_list":{"0":"post-31312","1":"product","2":"type-product","3":"status-publish","4":"has-post-thumbnail","6":"product_cat-wholesale-pearl-necklace","7":"product_cat-wholesale-chain-necklaces","8":"product_cat-wholesale-pearl-pendant-necklace","10":"first","11":"instock","12":"taxable","13":"shipping-taxable","14":"purchasable","15":"product-type-simple"},"tiered_pricing_type":"fixed","tiered_pricing_fixed_rules":[],"tiered_pricing_product_settings":{"layout":"default","base_unit_name":{"singular":null,"plural":null},"default_variation":null},"tiered_pricing_minimum_quantity":null,"tiered_pricing_roles_data":[],"tiered_pricing_percentage_rules":[],"tiered_pricing_maximum_quantity":null,"tiered_pricing_quantity_step":null,"_links":{"self":[{"href":"https:\/\/gretapearls.com\/fr\/wp-json\/wp\/v2\/product\/31312","targetHints":{"allow":["GET"]}}],"collection":[{"href":"https:\/\/gretapearls.com\/fr\/wp-json\/wp\/v2\/product"}],"about":[{"href":"https:\/\/gretapearls.com\/fr\/wp-json\/wp\/v2\/types\/product"}],"replies":[{"embeddable":true,"href":"https:\/\/gretapearls.com\/fr\/wp-json\/wp\/v2\/comments?post=31312"}],"wp:featuredmedia":[{"embeddable":true,"href":"https:\/\/gretapearls.com\/fr\/wp-json\/wp\/v2\/media\/31303"}],"wp:attachment":[{"href":"https:\/\/gretapearls.com\/fr\/wp-json\/wp\/v2\/media?parent=31312"}],"wp:term":[{"taxonomy":"product_brand","embeddable":true,"href":"https:\/\/gretapearls.com\/fr\/wp-json\/wp\/v2\/product_brand?post=31312"},{"taxonomy":"product_cat","embeddable":true,"href":"https:\/\/gretapearls.com\/fr\/wp-json\/wp\/v2\/product_cat?post=31312"},{"taxonomy":"product_tag","embeddable":true,"href":"https:\/\/gretapearls.com\/fr\/wp-json\/wp\/v2\/product_tag?post=31312"}],"curies":[{"name":"wp","href":"https:\/\/api.w.org\/{rel}","templated":true}]}}