{"id":31226,"date":"2025-09-27T11:06:38","date_gmt":"2025-09-27T15:06:38","guid":{"rendered":"https:\/\/gretapearls.com\/en\/?post_type=product&#038;p=31226"},"modified":"2026-02-07T13:41:44","modified_gmt":"2026-02-07T18:41:44","slug":"collier-pendentif-croix-en-perles-deau-douce","status":"publish","type":"product","link":"https:\/\/gretapearls.com\/fr\/shop\/freshwater-pearl-cross-pendant-necklace\/","title":{"rendered":"Collier pendentif croix en perles d&#039;eau douce"},"content":{"rendered":"","protected":false},"excerpt":{"rendered":"<p>Ce collier est compos\u00e9 de petites perles blanches d&#039;eau douce enfil\u00e9es sur des fermoirs plaqu\u00e9s or et d&#039;un pendentif en forme de croix orn\u00e9 d&#039;une perle. La forme irr\u00e9guli\u00e8re et naturelle de la croix rend chaque pi\u00e8ce unique, alliant la beaut\u00e9 classique des perles \u00e0 un design audacieux.<\/p>","protected":false},"featured_media":31217,"comment_status":"open","ping_status":"closed","template":"","meta":[],"product_brand":[],"product_cat":[98,99,101],"product_tag":[],"class_list":{"0":"post-31226","1":"product","2":"type-product","3":"status-publish","4":"has-post-thumbnail","6":"product_cat-wholesale-pearl-necklace","7":"product_cat-wholesale-chain-necklaces","8":"product_cat-wholesale-pearl-pendant-necklace","10":"first","11":"instock","12":"taxable","13":"shipping-taxable","14":"purchasable","15":"product-type-simple"},"tiered_pricing_type":"fixed","tiered_pricing_fixed_rules":[],"tiered_pricing_product_settings":{"layout":"default","base_unit_name":{"singular":null,"plural":null},"default_variation":null},"tiered_pricing_minimum_quantity":null,"tiered_pricing_roles_data":[],"tiered_pricing_percentage_rules":[],"tiered_pricing_maximum_quantity":null,"tiered_pricing_quantity_step":null,"_links":{"self":[{"href":"https:\/\/gretapearls.com\/fr\/wp-json\/wp\/v2\/product\/31226","targetHints":{"allow":["GET"]}}],"collection":[{"href":"https:\/\/gretapearls.com\/fr\/wp-json\/wp\/v2\/product"}],"about":[{"href":"https:\/\/gretapearls.com\/fr\/wp-json\/wp\/v2\/types\/product"}],"replies":[{"embeddable":true,"href":"https:\/\/gretapearls.com\/fr\/wp-json\/wp\/v2\/comments?post=31226"}],"wp:featuredmedia":[{"embeddable":true,"href":"https:\/\/gretapearls.com\/fr\/wp-json\/wp\/v2\/media\/31217"}],"wp:attachment":[{"href":"https:\/\/gretapearls.com\/fr\/wp-json\/wp\/v2\/media?parent=31226"}],"wp:term":[{"taxonomy":"product_brand","embeddable":true,"href":"https:\/\/gretapearls.com\/fr\/wp-json\/wp\/v2\/product_brand?post=31226"},{"taxonomy":"product_cat","embeddable":true,"href":"https:\/\/gretapearls.com\/fr\/wp-json\/wp\/v2\/product_cat?post=31226"},{"taxonomy":"product_tag","embeddable":true,"href":"https:\/\/gretapearls.com\/fr\/wp-json\/wp\/v2\/product_tag?post=31226"}],"curies":[{"name":"wp","href":"https:\/\/api.w.org\/{rel}","templated":true}]}}