{"id":31215,"date":"2025-09-27T11:06:06","date_gmt":"2025-09-27T15:06:06","guid":{"rendered":"https:\/\/gretapearls.com\/en\/?post_type=product&#038;p=31215"},"modified":"2026-04-13T00:56:12","modified_gmt":"2026-04-13T04:56:12","slug":"collier-de-perles-deau-douce-roses-a-trois-rangs","status":"publish","type":"product","link":"https:\/\/gretapearls.com\/fr\/shop\/three-layer-pink-freshwater-pearl-necklace\/","title":{"rendered":"Collier de perles d&#039;eau douce roses \u00e0 trois rangs"},"content":{"rendered":"","protected":false},"excerpt":{"rendered":"<p>Ce collier est compos\u00e9 de trois rangs de perles d&#039;eau douce rose tendre, \u00e0 la forme l\u00e9g\u00e8rement irr\u00e9guli\u00e8re, et d&#039;un fermoir en argent sterling. De petits d\u00e9tails dor\u00e9s soulignent la superposition des perles, conf\u00e9rant \u00e0 la pi\u00e8ce un style unique, \u00e0 la fois d\u00e9licat et gracieux.<\/p>","protected":false},"featured_media":31207,"comment_status":"open","ping_status":"closed","template":"","meta":[],"product_brand":[],"product_cat":[98,102],"product_tag":[],"class_list":{"0":"post-31215","1":"product","2":"type-product","3":"status-publish","4":"has-post-thumbnail","6":"product_cat-wholesale-pearl-necklace","7":"product_cat-wholesale-multi-strand-pearl-necklaces","9":"first","10":"instock","11":"taxable","12":"shipping-taxable","13":"purchasable","14":"product-type-simple"},"tiered_pricing_type":"fixed","tiered_pricing_fixed_rules":[],"tiered_pricing_product_settings":{"layout":"default","base_unit_name":{"singular":null,"plural":null},"default_variation":null},"tiered_pricing_minimum_quantity":null,"tiered_pricing_roles_data":[],"tiered_pricing_percentage_rules":[],"tiered_pricing_maximum_quantity":null,"tiered_pricing_quantity_step":null,"_links":{"self":[{"href":"https:\/\/gretapearls.com\/fr\/wp-json\/wp\/v2\/product\/31215","targetHints":{"allow":["GET"]}}],"collection":[{"href":"https:\/\/gretapearls.com\/fr\/wp-json\/wp\/v2\/product"}],"about":[{"href":"https:\/\/gretapearls.com\/fr\/wp-json\/wp\/v2\/types\/product"}],"replies":[{"embeddable":true,"href":"https:\/\/gretapearls.com\/fr\/wp-json\/wp\/v2\/comments?post=31215"}],"wp:featuredmedia":[{"embeddable":true,"href":"https:\/\/gretapearls.com\/fr\/wp-json\/wp\/v2\/media\/31207"}],"wp:attachment":[{"href":"https:\/\/gretapearls.com\/fr\/wp-json\/wp\/v2\/media?parent=31215"}],"wp:term":[{"taxonomy":"product_brand","embeddable":true,"href":"https:\/\/gretapearls.com\/fr\/wp-json\/wp\/v2\/product_brand?post=31215"},{"taxonomy":"product_cat","embeddable":true,"href":"https:\/\/gretapearls.com\/fr\/wp-json\/wp\/v2\/product_cat?post=31215"},{"taxonomy":"product_tag","embeddable":true,"href":"https:\/\/gretapearls.com\/fr\/wp-json\/wp\/v2\/product_tag?post=31215"}],"curies":[{"name":"wp","href":"https:\/\/api.w.org\/{rel}","templated":true}]}}