{"id":31182,"date":"2025-09-27T11:04:31","date_gmt":"2025-09-27T15:04:31","guid":{"rendered":"https:\/\/gretapearls.com\/en\/?post_type=product&#038;p=31182"},"modified":"2026-02-07T13:41:44","modified_gmt":"2026-02-07T18:41:44","slug":"collier-pendentif-en-perle-baroque-avec-zircon","status":"publish","type":"product","link":"https:\/\/gretapearls.com\/fr\/shop\/baroque-pearl-pendant-necklace-with-zircon-accent\/","title":{"rendered":"Collier pendentif en perle baroque avec accent de zircon"},"content":{"rendered":"","protected":false},"excerpt":{"rendered":"<p>Ce collier est compos\u00e9 de perles d&#039;eau douce irr\u00e9guli\u00e8res, mont\u00e9es sur des appr\u00eats en argent sterling de haute qualit\u00e9 pour une durabilit\u00e9 optimale. Un pendentif en perle baroque audacieuse est mis en valeur par un zircon, ce qui en fait un choix remarquable pour un style unique et affirm\u00e9.<\/p>","protected":false},"featured_media":31173,"comment_status":"open","ping_status":"closed","template":"","meta":[],"product_brand":[],"product_cat":[98,100,101],"product_tag":[],"class_list":{"0":"post-31182","1":"product","2":"type-product","3":"status-publish","4":"has-post-thumbnail","6":"product_cat-wholesale-pearl-necklace","7":"product_cat-wholesale-pearl-chokers","8":"product_cat-wholesale-pearl-pendant-necklace","10":"first","11":"instock","12":"taxable","13":"shipping-taxable","14":"purchasable","15":"product-type-simple"},"tiered_pricing_type":"fixed","tiered_pricing_fixed_rules":[],"tiered_pricing_product_settings":{"layout":"default","base_unit_name":{"singular":null,"plural":null},"default_variation":null},"tiered_pricing_minimum_quantity":null,"tiered_pricing_roles_data":[],"tiered_pricing_percentage_rules":[],"tiered_pricing_maximum_quantity":null,"tiered_pricing_quantity_step":null,"_links":{"self":[{"href":"https:\/\/gretapearls.com\/fr\/wp-json\/wp\/v2\/product\/31182","targetHints":{"allow":["GET"]}}],"collection":[{"href":"https:\/\/gretapearls.com\/fr\/wp-json\/wp\/v2\/product"}],"about":[{"href":"https:\/\/gretapearls.com\/fr\/wp-json\/wp\/v2\/types\/product"}],"replies":[{"embeddable":true,"href":"https:\/\/gretapearls.com\/fr\/wp-json\/wp\/v2\/comments?post=31182"}],"wp:featuredmedia":[{"embeddable":true,"href":"https:\/\/gretapearls.com\/fr\/wp-json\/wp\/v2\/media\/31173"}],"wp:attachment":[{"href":"https:\/\/gretapearls.com\/fr\/wp-json\/wp\/v2\/media?parent=31182"}],"wp:term":[{"taxonomy":"product_brand","embeddable":true,"href":"https:\/\/gretapearls.com\/fr\/wp-json\/wp\/v2\/product_brand?post=31182"},{"taxonomy":"product_cat","embeddable":true,"href":"https:\/\/gretapearls.com\/fr\/wp-json\/wp\/v2\/product_cat?post=31182"},{"taxonomy":"product_tag","embeddable":true,"href":"https:\/\/gretapearls.com\/fr\/wp-json\/wp\/v2\/product_tag?post=31182"}],"curies":[{"name":"wp","href":"https:\/\/api.w.org\/{rel}","templated":true}]}}