{"id":31020,"date":"2025-09-27T10:56:13","date_gmt":"2025-09-27T14:56:13","guid":{"rendered":"https:\/\/gretapearls.com\/en\/?post_type=product&#038;p=31020"},"modified":"2026-02-07T13:41:40","modified_gmt":"2026-02-07T18:41:40","slug":"collier-de-perles-deau-douce-en-argent-925","status":"publish","type":"product","link":"https:\/\/gretapearls.com\/fr\/shop\/s925-silver-tube-freshwater-pearl-necklace\/","title":{"rendered":"Collier en argent S925 avec perles d&#039;eau douce et tube"},"content":{"rendered":"","protected":false},"excerpt":{"rendered":"<p>Ce collier de 42 cm associe de fins tubes d&#039;argent \u00e0 de petites perles de culture d&#039;eau douce, cr\u00e9ant un rythme \u00e9pur\u00e9 et lin\u00e9aire. La structure altern\u00e9e lui conf\u00e8re une touche de modernit\u00e9 tout en mettant en valeur l&#039;\u00e9clat naturel des perles.<\/p>","protected":false},"featured_media":31011,"comment_status":"open","ping_status":"closed","template":"","meta":[],"product_brand":[],"product_cat":[98,100],"product_tag":[],"class_list":{"0":"post-31020","1":"product","2":"type-product","3":"status-publish","4":"has-post-thumbnail","6":"product_cat-wholesale-pearl-necklace","7":"product_cat-wholesale-pearl-chokers","9":"first","10":"instock","11":"taxable","12":"shipping-taxable","13":"purchasable","14":"product-type-simple"},"tiered_pricing_type":"fixed","tiered_pricing_fixed_rules":[],"tiered_pricing_product_settings":{"layout":"default","base_unit_name":{"singular":null,"plural":null},"default_variation":null},"tiered_pricing_minimum_quantity":null,"tiered_pricing_roles_data":[],"tiered_pricing_percentage_rules":[],"tiered_pricing_maximum_quantity":null,"tiered_pricing_quantity_step":null,"_links":{"self":[{"href":"https:\/\/gretapearls.com\/fr\/wp-json\/wp\/v2\/product\/31020","targetHints":{"allow":["GET"]}}],"collection":[{"href":"https:\/\/gretapearls.com\/fr\/wp-json\/wp\/v2\/product"}],"about":[{"href":"https:\/\/gretapearls.com\/fr\/wp-json\/wp\/v2\/types\/product"}],"replies":[{"embeddable":true,"href":"https:\/\/gretapearls.com\/fr\/wp-json\/wp\/v2\/comments?post=31020"}],"wp:featuredmedia":[{"embeddable":true,"href":"https:\/\/gretapearls.com\/fr\/wp-json\/wp\/v2\/media\/31011"}],"wp:attachment":[{"href":"https:\/\/gretapearls.com\/fr\/wp-json\/wp\/v2\/media?parent=31020"}],"wp:term":[{"taxonomy":"product_brand","embeddable":true,"href":"https:\/\/gretapearls.com\/fr\/wp-json\/wp\/v2\/product_brand?post=31020"},{"taxonomy":"product_cat","embeddable":true,"href":"https:\/\/gretapearls.com\/fr\/wp-json\/wp\/v2\/product_cat?post=31020"},{"taxonomy":"product_tag","embeddable":true,"href":"https:\/\/gretapearls.com\/fr\/wp-json\/wp\/v2\/product_tag?post=31020"}],"curies":[{"name":"wp","href":"https:\/\/api.w.org\/{rel}","templated":true}]}}