{"id":30838,"date":"2025-09-12T02:35:03","date_gmt":"2025-09-12T06:35:03","guid":{"rendered":"https:\/\/gretapearls.com\/en\/?post_type=product&#038;p=30838"},"modified":"2026-02-07T13:41:44","modified_gmt":"2026-02-07T18:41:44","slug":"boucles-doreilles-en-perles-baroques-argent-925-pompon-coeur-etoile-et-lune","status":"publish","type":"product","link":"https:\/\/gretapearls.com\/fr\/shop\/s925-baroque-pearl-tassel-heart-star-moon-earrings\/","title":{"rendered":"Boucles d&#039;oreilles S925 en perles baroques, pompon, c\u0153ur, \u00e9toile et lune, avec pompon et perles, orn\u00e9es de ... de perles baroques et de perles S925."},"content":{"rendered":"","protected":false},"excerpt":{"rendered":"<p>We&#8217;ve paired S925 sterling silver with baroque freshwater pearls and heart star moon motifs for a celestial design. Lightweight tassel chains accentuate each pearl\u2019s organic silhouette and unique baroque contours for subtle movement.<\/p>","protected":false},"featured_media":30832,"comment_status":"open","ping_status":"closed","template":"","meta":[],"product_brand":[],"product_cat":[93,94],"product_tag":[],"class_list":{"0":"post-30838","1":"product","2":"type-product","3":"status-publish","4":"has-post-thumbnail","6":"product_cat-wholesale-pearl-earrings","7":"product_cat-wholesale-pearl-drop-earrings","9":"first","10":"instock","11":"taxable","12":"shipping-taxable","13":"purchasable","14":"product-type-variable"},"tiered_pricing_type":"fixed","tiered_pricing_fixed_rules":[],"tiered_pricing_product_settings":{"layout":"default","base_unit_name":{"singular":null,"plural":null},"default_variation":null},"tiered_pricing_minimum_quantity":null,"tiered_pricing_roles_data":[],"tiered_pricing_percentage_rules":[],"tiered_pricing_maximum_quantity":null,"tiered_pricing_quantity_step":null,"_links":{"self":[{"href":"https:\/\/gretapearls.com\/fr\/wp-json\/wp\/v2\/product\/30838","targetHints":{"allow":["GET"]}}],"collection":[{"href":"https:\/\/gretapearls.com\/fr\/wp-json\/wp\/v2\/product"}],"about":[{"href":"https:\/\/gretapearls.com\/fr\/wp-json\/wp\/v2\/types\/product"}],"replies":[{"embeddable":true,"href":"https:\/\/gretapearls.com\/fr\/wp-json\/wp\/v2\/comments?post=30838"}],"wp:featuredmedia":[{"embeddable":true,"href":"https:\/\/gretapearls.com\/fr\/wp-json\/wp\/v2\/media\/30832"}],"wp:attachment":[{"href":"https:\/\/gretapearls.com\/fr\/wp-json\/wp\/v2\/media?parent=30838"}],"wp:term":[{"taxonomy":"product_brand","embeddable":true,"href":"https:\/\/gretapearls.com\/fr\/wp-json\/wp\/v2\/product_brand?post=30838"},{"taxonomy":"product_cat","embeddable":true,"href":"https:\/\/gretapearls.com\/fr\/wp-json\/wp\/v2\/product_cat?post=30838"},{"taxonomy":"product_tag","embeddable":true,"href":"https:\/\/gretapearls.com\/fr\/wp-json\/wp\/v2\/product_tag?post=30838"}],"curies":[{"name":"wp","href":"https:\/\/api.w.org\/{rel}","templated":true}]}}