{"id":30731,"date":"2025-09-12T02:22:45","date_gmt":"2025-09-12T06:22:45","guid":{"rendered":"https:\/\/gretapearls.com\/en\/?post_type=product&#038;p=30731"},"modified":"2026-02-07T13:41:44","modified_gmt":"2026-02-07T18:41:44","slug":"boucles-doreilles-en-perles-deau-douce-amethyste-et-citrine-argent-925","status":"publish","type":"product","link":"https:\/\/gretapearls.com\/fr\/shop\/s925-freshwater-pearl-amethyst-citrine-earrings\/","title":{"rendered":"Boucles d&#039;oreilles en perles d&#039;eau douce, am\u00e9thyste et citrine (S925)"},"content":{"rendered":"","protected":false},"excerpt":{"rendered":"<p>Notre cr\u00e9ation associe des perles d&#039;eau douce naturelles \u00e0 de v\u00e9ritables am\u00e9thystes et citrines sur des tiges en argent S925 pour une silhouette organique et moderne. Des enroulements de fil r\u00e9alis\u00e9s \u00e0 la main mettent en valeur chaque pierre et des accents de cristal blanc ajoutent une brillance multidimensionnelle unique.<\/p>","protected":false},"featured_media":30725,"comment_status":"open","ping_status":"closed","template":"","meta":[],"product_brand":[],"product_cat":[93,94],"product_tag":[],"class_list":{"0":"post-30731","1":"product","2":"type-product","3":"status-publish","4":"has-post-thumbnail","6":"product_cat-wholesale-pearl-earrings","7":"product_cat-wholesale-pearl-drop-earrings","9":"first","10":"instock","11":"taxable","12":"shipping-taxable","13":"purchasable","14":"product-type-variable"},"tiered_pricing_type":"fixed","tiered_pricing_fixed_rules":[],"tiered_pricing_product_settings":{"layout":"default","base_unit_name":{"singular":null,"plural":null},"default_variation":null},"tiered_pricing_minimum_quantity":null,"tiered_pricing_roles_data":[],"tiered_pricing_percentage_rules":[],"tiered_pricing_maximum_quantity":null,"tiered_pricing_quantity_step":null,"_links":{"self":[{"href":"https:\/\/gretapearls.com\/fr\/wp-json\/wp\/v2\/product\/30731","targetHints":{"allow":["GET"]}}],"collection":[{"href":"https:\/\/gretapearls.com\/fr\/wp-json\/wp\/v2\/product"}],"about":[{"href":"https:\/\/gretapearls.com\/fr\/wp-json\/wp\/v2\/types\/product"}],"replies":[{"embeddable":true,"href":"https:\/\/gretapearls.com\/fr\/wp-json\/wp\/v2\/comments?post=30731"}],"wp:featuredmedia":[{"embeddable":true,"href":"https:\/\/gretapearls.com\/fr\/wp-json\/wp\/v2\/media\/30725"}],"wp:attachment":[{"href":"https:\/\/gretapearls.com\/fr\/wp-json\/wp\/v2\/media?parent=30731"}],"wp:term":[{"taxonomy":"product_brand","embeddable":true,"href":"https:\/\/gretapearls.com\/fr\/wp-json\/wp\/v2\/product_brand?post=30731"},{"taxonomy":"product_cat","embeddable":true,"href":"https:\/\/gretapearls.com\/fr\/wp-json\/wp\/v2\/product_cat?post=30731"},{"taxonomy":"product_tag","embeddable":true,"href":"https:\/\/gretapearls.com\/fr\/wp-json\/wp\/v2\/product_tag?post=30731"}],"curies":[{"name":"wp","href":"https:\/\/api.w.org\/{rel}","templated":true}]}}