{"id":30704,"date":"2025-09-12T02:17:12","date_gmt":"2025-09-12T06:17:12","guid":{"rendered":"https:\/\/gretapearls.com\/en\/?post_type=product&#038;p=30704"},"modified":"2026-02-07T13:41:38","modified_gmt":"2026-02-07T18:41:38","slug":"boucles-doreilles-etoile-lune-en-perles-deau-douce-faites-a-la-main-en-argent-925","status":"publish","type":"product","link":"https:\/\/gretapearls.com\/fr\/shop\/s925-handmade-freshwater-pearl-starmoon-studs\/","title":{"rendered":"Boucles d&#039;oreilles StarMoon en perles d&#039;eau douce S925 faites \u00e0 la main"},"content":{"rendered":"","protected":false},"excerpt":{"rendered":"<p>Ces boucles d&#039;oreilles sont orn\u00e9es de perles d&#039;eau douce naturelles serties sur des tiges en argent S925, selon un motif original d&#039;\u00e9toile et de lune. Appr\u00e9ciez ces boucles d&#039;oreilles artisanales, dont la couleur est prot\u00e9g\u00e9e et qui brillent durablement, tandis que les silhouettes fantaisistes d&#039;\u00e9toiles et de lunes apportent une touche d&#039;originalit\u00e9.<\/p>","protected":false},"featured_media":30700,"comment_status":"open","ping_status":"closed","template":"","meta":[],"product_brand":[],"product_cat":[93,94],"product_tag":[],"class_list":{"0":"post-30704","1":"product","2":"type-product","3":"status-publish","4":"has-post-thumbnail","6":"product_cat-wholesale-pearl-earrings","7":"product_cat-wholesale-pearl-drop-earrings","9":"first","10":"instock","11":"taxable","12":"shipping-taxable","13":"purchasable","14":"product-type-simple"},"tiered_pricing_type":"fixed","tiered_pricing_fixed_rules":[],"tiered_pricing_product_settings":{"layout":"default","base_unit_name":{"singular":null,"plural":null},"default_variation":null},"tiered_pricing_minimum_quantity":null,"tiered_pricing_roles_data":[],"tiered_pricing_percentage_rules":[],"tiered_pricing_maximum_quantity":null,"tiered_pricing_quantity_step":null,"_links":{"self":[{"href":"https:\/\/gretapearls.com\/fr\/wp-json\/wp\/v2\/product\/30704","targetHints":{"allow":["GET"]}}],"collection":[{"href":"https:\/\/gretapearls.com\/fr\/wp-json\/wp\/v2\/product"}],"about":[{"href":"https:\/\/gretapearls.com\/fr\/wp-json\/wp\/v2\/types\/product"}],"replies":[{"embeddable":true,"href":"https:\/\/gretapearls.com\/fr\/wp-json\/wp\/v2\/comments?post=30704"}],"wp:featuredmedia":[{"embeddable":true,"href":"https:\/\/gretapearls.com\/fr\/wp-json\/wp\/v2\/media\/30700"}],"wp:attachment":[{"href":"https:\/\/gretapearls.com\/fr\/wp-json\/wp\/v2\/media?parent=30704"}],"wp:term":[{"taxonomy":"product_brand","embeddable":true,"href":"https:\/\/gretapearls.com\/fr\/wp-json\/wp\/v2\/product_brand?post=30704"},{"taxonomy":"product_cat","embeddable":true,"href":"https:\/\/gretapearls.com\/fr\/wp-json\/wp\/v2\/product_cat?post=30704"},{"taxonomy":"product_tag","embeddable":true,"href":"https:\/\/gretapearls.com\/fr\/wp-json\/wp\/v2\/product_tag?post=30704"}],"curies":[{"name":"wp","href":"https:\/\/api.w.org\/{rel}","templated":true}]}}