{"id":30655,"date":"2025-09-12T02:11:02","date_gmt":"2025-09-12T06:11:02","guid":{"rendered":"https:\/\/gretapearls.com\/en\/?post_type=product&#038;p=30655"},"modified":"2026-02-07T13:41:28","modified_gmt":"2026-02-07T18:41:28","slug":"boucles-doreilles-originales-baroques-en-perles-deau-douce-en-forme-de-petale","status":"publish","type":"product","link":"https:\/\/gretapearls.com\/fr\/shop\/original-freshwater-baroque-petal-pearl-earrings\/","title":{"rendered":"Boucles d&#039;oreilles originales en perles baroques d&#039;eau douce \u00e0 p\u00e9tales"},"content":{"rendered":"","protected":false},"excerpt":{"rendered":"<p>Nous fa\u00e7onnons \u00e0 la main des perles baroques d&#039;eau douce naturelles en boucles d&#039;oreilles puces en forme de p\u00e9tale, cr\u00e9ant ainsi des mod\u00e8les minimalistes au charme intemporel. Chaque perle, \u00e0 la forme unique, r\u00e9v\u00e8le des courbes organiques \u00e9voquant un p\u00e9tale, faisant de chaque paire une pi\u00e8ce unique.<\/p>","protected":false},"featured_media":30651,"comment_status":"open","ping_status":"closed","template":"","meta":[],"product_brand":[],"product_cat":[93,94,96],"product_tag":[],"class_list":{"0":"post-30655","1":"product","2":"type-product","3":"status-publish","4":"has-post-thumbnail","6":"product_cat-wholesale-pearl-earrings","7":"product_cat-wholesale-pearl-drop-earrings","8":"product_cat-wholesale-hoop-earrings","10":"first","11":"instock","12":"taxable","13":"shipping-taxable","14":"purchasable","15":"product-type-simple"},"tiered_pricing_type":"fixed","tiered_pricing_fixed_rules":[],"tiered_pricing_product_settings":{"layout":"default","base_unit_name":{"singular":null,"plural":null},"default_variation":null},"tiered_pricing_minimum_quantity":null,"tiered_pricing_roles_data":[],"tiered_pricing_percentage_rules":[],"tiered_pricing_maximum_quantity":null,"tiered_pricing_quantity_step":null,"_links":{"self":[{"href":"https:\/\/gretapearls.com\/fr\/wp-json\/wp\/v2\/product\/30655","targetHints":{"allow":["GET"]}}],"collection":[{"href":"https:\/\/gretapearls.com\/fr\/wp-json\/wp\/v2\/product"}],"about":[{"href":"https:\/\/gretapearls.com\/fr\/wp-json\/wp\/v2\/types\/product"}],"replies":[{"embeddable":true,"href":"https:\/\/gretapearls.com\/fr\/wp-json\/wp\/v2\/comments?post=30655"}],"wp:featuredmedia":[{"embeddable":true,"href":"https:\/\/gretapearls.com\/fr\/wp-json\/wp\/v2\/media\/30651"}],"wp:attachment":[{"href":"https:\/\/gretapearls.com\/fr\/wp-json\/wp\/v2\/media?parent=30655"}],"wp:term":[{"taxonomy":"product_brand","embeddable":true,"href":"https:\/\/gretapearls.com\/fr\/wp-json\/wp\/v2\/product_brand?post=30655"},{"taxonomy":"product_cat","embeddable":true,"href":"https:\/\/gretapearls.com\/fr\/wp-json\/wp\/v2\/product_cat?post=30655"},{"taxonomy":"product_tag","embeddable":true,"href":"https:\/\/gretapearls.com\/fr\/wp-json\/wp\/v2\/product_tag?post=30655"}],"curies":[{"name":"wp","href":"https:\/\/api.w.org\/{rel}","templated":true}]}}