{"id":29823,"date":"2025-08-14T05:42:23","date_gmt":"2025-08-14T09:42:23","guid":{"rendered":"https:\/\/gretapearls.com\/en\/?post_type=product&#038;p=29823"},"modified":"2026-02-07T11:07:13","modified_gmt":"2026-02-07T16:07:13","slug":"10-perles-deau-douce-en-forme-de-larme-de-11-mm-a-haute-brillance","status":"publish","type":"product","link":"https:\/\/gretapearls.com\/fr\/shop\/10-11mm-high-luster-teardrop-coin-freshwater-pearls\/","title":{"rendered":"Perles d&#039;eau douce en forme de larme, tr\u00e8s brillantes, de 10 \u00e0 11 mm"},"content":{"rendered":"","protected":false},"excerpt":{"rendered":"<p>Perles d&#039;eau douce naturelles en forme de goutte de 10 \u00e0 11 mm, brillantes et blanches, chacune perc\u00e9e et vendue \u00e0 l&#039;unit\u00e9. Id\u00e9ales pour des colliers, boucles d&#039;oreilles ou pendentifs boh\u00e8mes chics, elles mettent en valeur leur forme unique.<\/p>","protected":false},"featured_media":29818,"comment_status":"open","ping_status":"closed","template":"","meta":[],"product_brand":[],"product_cat":[124],"product_tag":[91,83,85],"class_list":{"0":"post-29823","1":"product","2":"type-product","3":"status-publish","4":"has-post-thumbnail","6":"product_cat-irregular-pearls","7":"product_tag-full-drilled-pearls","8":"product_tag-large-freshwater-pearls-wholesale","9":"product_tag-bulk-string-pearls","10":"pa_color-white-pearls","11":"pa_shape-coin-pearls","13":"first","14":"instock","15":"taxable","16":"shipping-taxable","17":"purchasable","18":"product-type-simple"},"tiered_pricing_type":"fixed","tiered_pricing_fixed_rules":[],"tiered_pricing_product_settings":{"layout":"default","base_unit_name":{"singular":null,"plural":null},"default_variation":null},"tiered_pricing_minimum_quantity":null,"tiered_pricing_roles_data":[],"tiered_pricing_percentage_rules":[],"tiered_pricing_maximum_quantity":null,"tiered_pricing_quantity_step":null,"_links":{"self":[{"href":"https:\/\/gretapearls.com\/fr\/wp-json\/wp\/v2\/product\/29823","targetHints":{"allow":["GET"]}}],"collection":[{"href":"https:\/\/gretapearls.com\/fr\/wp-json\/wp\/v2\/product"}],"about":[{"href":"https:\/\/gretapearls.com\/fr\/wp-json\/wp\/v2\/types\/product"}],"replies":[{"embeddable":true,"href":"https:\/\/gretapearls.com\/fr\/wp-json\/wp\/v2\/comments?post=29823"}],"wp:featuredmedia":[{"embeddable":true,"href":"https:\/\/gretapearls.com\/fr\/wp-json\/wp\/v2\/media\/29818"}],"wp:attachment":[{"href":"https:\/\/gretapearls.com\/fr\/wp-json\/wp\/v2\/media?parent=29823"}],"wp:term":[{"taxonomy":"product_brand","embeddable":true,"href":"https:\/\/gretapearls.com\/fr\/wp-json\/wp\/v2\/product_brand?post=29823"},{"taxonomy":"product_cat","embeddable":true,"href":"https:\/\/gretapearls.com\/fr\/wp-json\/wp\/v2\/product_cat?post=29823"},{"taxonomy":"product_tag","embeddable":true,"href":"https:\/\/gretapearls.com\/fr\/wp-json\/wp\/v2\/product_tag?post=29823"}],"curies":[{"name":"wp","href":"https:\/\/api.w.org\/{rel}","templated":true}]}}