{"id":29756,"date":"2025-08-14T05:37:49","date_gmt":"2025-08-14T09:37:49","guid":{"rendered":"https:\/\/gretapearls.com\/en\/?post_type=product&#038;p=29756"},"modified":"2026-02-07T11:07:16","modified_gmt":"2026-02-07T16:07:16","slug":"4-perles-deau-douce-en-forme-de-larme-de-5-mm-a-haute-brillance","status":"publish","type":"product","link":"https:\/\/gretapearls.com\/fr\/shop\/4-5mm-high-luster-teardrop-freshwater-pearls\/","title":{"rendered":"Perles d&#039;eau douce en forme de larme, tr\u00e8s brillantes, de 4 \u00e0 5 mm"},"content":{"rendered":"","protected":false},"excerpt":{"rendered":"<p>Des perles d&#039;eau douce naturelles en forme de goutte de 4 \u00e0 6 mm sont enfil\u00e9es sur de courts rangs de colliers semi-finis. Elles pr\u00e9sentent une couleur blanche \u00e9clatante, un \u00e9clat intense et de l\u00e9g\u00e8res textures naturelles gr\u00e2ce \u00e0 un per\u00e7age longitudinal. Vendues au rang. Id\u00e9ales pour cr\u00e9er des pendentifs d\u00e9licats, des boucles d&#039;oreilles minimalistes ou des bracelets superpos\u00e9s.<\/p>","protected":false},"featured_media":29752,"comment_status":"open","ping_status":"closed","template":"","meta":[],"product_brand":[],"product_cat":[54],"product_tag":[91,82,85],"class_list":{"0":"post-29756","1":"product","2":"type-product","3":"status-publish","4":"has-post-thumbnail","6":"product_cat-freshwater-pearls-wholesale","7":"product_tag-full-drilled-pearls","8":"product_tag-medium-freshwater-pearls-wholesale","9":"product_tag-bulk-string-pearls","10":"pa_color-white-pearls","11":"pa_shape-teardrop-pearls","13":"first","14":"instock","15":"taxable","16":"shipping-taxable","17":"purchasable","18":"product-type-variable"},"tiered_pricing_type":"fixed","tiered_pricing_fixed_rules":[],"tiered_pricing_product_settings":{"layout":"default","base_unit_name":{"singular":null,"plural":null},"default_variation":null},"tiered_pricing_minimum_quantity":null,"tiered_pricing_roles_data":[],"tiered_pricing_percentage_rules":[],"tiered_pricing_maximum_quantity":null,"tiered_pricing_quantity_step":null,"_links":{"self":[{"href":"https:\/\/gretapearls.com\/fr\/wp-json\/wp\/v2\/product\/29756","targetHints":{"allow":["GET"]}}],"collection":[{"href":"https:\/\/gretapearls.com\/fr\/wp-json\/wp\/v2\/product"}],"about":[{"href":"https:\/\/gretapearls.com\/fr\/wp-json\/wp\/v2\/types\/product"}],"replies":[{"embeddable":true,"href":"https:\/\/gretapearls.com\/fr\/wp-json\/wp\/v2\/comments?post=29756"}],"wp:featuredmedia":[{"embeddable":true,"href":"https:\/\/gretapearls.com\/fr\/wp-json\/wp\/v2\/media\/29752"}],"wp:attachment":[{"href":"https:\/\/gretapearls.com\/fr\/wp-json\/wp\/v2\/media?parent=29756"}],"wp:term":[{"taxonomy":"product_brand","embeddable":true,"href":"https:\/\/gretapearls.com\/fr\/wp-json\/wp\/v2\/product_brand?post=29756"},{"taxonomy":"product_cat","embeddable":true,"href":"https:\/\/gretapearls.com\/fr\/wp-json\/wp\/v2\/product_cat?post=29756"},{"taxonomy":"product_tag","embeddable":true,"href":"https:\/\/gretapearls.com\/fr\/wp-json\/wp\/v2\/product_tag?post=29756"}],"curies":[{"name":"wp","href":"https:\/\/api.w.org\/{rel}","templated":true}]}}