{"id":29678,"date":"2025-08-14T05:33:37","date_gmt":"2025-08-14T09:33:37","guid":{"rendered":"https:\/\/gretapearls.com\/en\/?post_type=product&#038;p=29678"},"modified":"2026-02-07T11:07:14","modified_gmt":"2026-02-07T16:07:14","slug":"3-perles-deau-douce-blanches-de-5-mm-bouton-tres-brillant","status":"publish","type":"product","link":"https:\/\/gretapearls.com\/fr\/shop\/3-5mm-white-high-luster-button-freshwater-pearls\/","title":{"rendered":"Perles d&#039;eau douce blanches bouton tr\u00e8s brillantes de 3 \u00e0 5 mm"},"content":{"rendered":"","protected":false},"excerpt":{"rendered":"<p>Ces perles d&#039;eau douce blanches de 3 \u00e0 4 mm, tr\u00e8s brillantes, sont vendues en vrac. Chacune est perc\u00e9e d&#039;un trou traversant standard et pr\u00e9sente une surface lisse et uniforme \u00e0 l&#039;\u00e9clat naturel. Elles sont parfaites pour cr\u00e9er des colliers, des bracelets ou des boucles d&#039;oreilles aux designs classiques et \u00e9l\u00e9gants.<\/p>","protected":false},"featured_media":29673,"comment_status":"open","ping_status":"closed","template":"","meta":[],"product_brand":[],"product_cat":[54],"product_tag":[91,82,85],"class_list":{"0":"post-29678","1":"product","2":"type-product","3":"status-publish","4":"has-post-thumbnail","6":"product_cat-freshwater-pearls-wholesale","7":"product_tag-full-drilled-pearls","8":"product_tag-medium-freshwater-pearls-wholesale","9":"product_tag-bulk-string-pearls","10":"pa_color-white-pearls","11":"pa_shape-button-pearls","13":"first","14":"instock","15":"taxable","16":"shipping-taxable","17":"purchasable","18":"product-type-variable"},"tiered_pricing_type":"fixed","tiered_pricing_fixed_rules":[],"tiered_pricing_product_settings":{"layout":"default","base_unit_name":{"singular":null,"plural":null},"default_variation":null},"tiered_pricing_minimum_quantity":null,"tiered_pricing_roles_data":[],"tiered_pricing_percentage_rules":[],"tiered_pricing_maximum_quantity":null,"tiered_pricing_quantity_step":null,"_links":{"self":[{"href":"https:\/\/gretapearls.com\/fr\/wp-json\/wp\/v2\/product\/29678","targetHints":{"allow":["GET"]}}],"collection":[{"href":"https:\/\/gretapearls.com\/fr\/wp-json\/wp\/v2\/product"}],"about":[{"href":"https:\/\/gretapearls.com\/fr\/wp-json\/wp\/v2\/types\/product"}],"replies":[{"embeddable":true,"href":"https:\/\/gretapearls.com\/fr\/wp-json\/wp\/v2\/comments?post=29678"}],"wp:featuredmedia":[{"embeddable":true,"href":"https:\/\/gretapearls.com\/fr\/wp-json\/wp\/v2\/media\/29673"}],"wp:attachment":[{"href":"https:\/\/gretapearls.com\/fr\/wp-json\/wp\/v2\/media?parent=29678"}],"wp:term":[{"taxonomy":"product_brand","embeddable":true,"href":"https:\/\/gretapearls.com\/fr\/wp-json\/wp\/v2\/product_brand?post=29678"},{"taxonomy":"product_cat","embeddable":true,"href":"https:\/\/gretapearls.com\/fr\/wp-json\/wp\/v2\/product_cat?post=29678"},{"taxonomy":"product_tag","embeddable":true,"href":"https:\/\/gretapearls.com\/fr\/wp-json\/wp\/v2\/product_tag?post=29678"}],"curies":[{"name":"wp","href":"https:\/\/api.w.org\/{rel}","templated":true}]}}