{"id":28414,"date":"2025-07-15T12:29:39","date_gmt":"2025-07-15T16:29:39","guid":{"rendered":"https:\/\/gretapearls.com\/en\/?post_type=product&#038;p=28414"},"modified":"2026-02-07T13:41:00","modified_gmt":"2026-02-07T18:41:00","slug":"boucles-doreilles-a-tige-en-perles-deau-douce-rondes-edison-s925","status":"publish","type":"product","link":"https:\/\/gretapearls.com\/fr\/shop\/s925-round-edison-freshwater-pearl-stud-earrings\/","title":{"rendered":"Boucles d&#039;oreilles \u00e0 tige en perles d&#039;eau douce rondes Edison S925"},"content":{"rendered":"","protected":false},"excerpt":{"rendered":"<p>Des perles d&#039;eau douce Edison rondes naturelles mont\u00e9es sur des tiges en argent S925 cr\u00e9ent un design minimaliste et intemporel. Chaque paire est soigneusement s\u00e9lectionn\u00e9e pour sa forme ronde et son \u00e9clat exceptionnel, et est dot\u00e9e de fermoirs papillon hypoallerg\u00e9niques pour un confort optimal tout au long de la journ\u00e9e.<\/p>","protected":false},"featured_media":28407,"comment_status":"open","ping_status":"closed","template":"","meta":[],"product_brand":[],"product_cat":[93,97],"product_tag":[],"class_list":{"0":"post-28414","1":"product","2":"type-product","3":"status-publish","4":"has-post-thumbnail","6":"product_cat-wholesale-pearl-earrings","7":"product_cat-wholesale-stud-earrings","9":"first","10":"instock","11":"taxable","12":"shipping-taxable","13":"purchasable","14":"product-type-variable"},"tiered_pricing_type":"fixed","tiered_pricing_fixed_rules":[],"tiered_pricing_product_settings":{"layout":"default","base_unit_name":{"singular":null,"plural":null},"default_variation":null},"tiered_pricing_minimum_quantity":null,"tiered_pricing_roles_data":[],"tiered_pricing_percentage_rules":[],"tiered_pricing_maximum_quantity":null,"tiered_pricing_quantity_step":null,"_links":{"self":[{"href":"https:\/\/gretapearls.com\/fr\/wp-json\/wp\/v2\/product\/28414","targetHints":{"allow":["GET"]}}],"collection":[{"href":"https:\/\/gretapearls.com\/fr\/wp-json\/wp\/v2\/product"}],"about":[{"href":"https:\/\/gretapearls.com\/fr\/wp-json\/wp\/v2\/types\/product"}],"replies":[{"embeddable":true,"href":"https:\/\/gretapearls.com\/fr\/wp-json\/wp\/v2\/comments?post=28414"}],"wp:featuredmedia":[{"embeddable":true,"href":"https:\/\/gretapearls.com\/fr\/wp-json\/wp\/v2\/media\/28407"}],"wp:attachment":[{"href":"https:\/\/gretapearls.com\/fr\/wp-json\/wp\/v2\/media?parent=28414"}],"wp:term":[{"taxonomy":"product_brand","embeddable":true,"href":"https:\/\/gretapearls.com\/fr\/wp-json\/wp\/v2\/product_brand?post=28414"},{"taxonomy":"product_cat","embeddable":true,"href":"https:\/\/gretapearls.com\/fr\/wp-json\/wp\/v2\/product_cat?post=28414"},{"taxonomy":"product_tag","embeddable":true,"href":"https:\/\/gretapearls.com\/fr\/wp-json\/wp\/v2\/product_tag?post=28414"}],"curies":[{"name":"wp","href":"https:\/\/api.w.org\/{rel}","templated":true}]}}