{"id":28399,"date":"2025-07-15T12:28:29","date_gmt":"2025-07-15T16:28:29","guid":{"rendered":"https:\/\/gretapearls.com\/en\/?post_type=product&#038;p=28399"},"modified":"2026-02-07T13:39:51","modified_gmt":"2026-02-07T18:39:51","slug":"bracelet-en-jade-hetian-sculpte-en-perles-deau-douce-et-rose","status":"publish","type":"product","link":"https:\/\/gretapearls.com\/fr\/shop\/freshwater-pearl-hetian-jade-carved-rose-bracelet\/","title":{"rendered":"Bracelet en jade Hetian sculpt\u00e9 avec perles d&#039;eau douce et rose"},"content":{"rendered":"","protected":false},"excerpt":{"rendered":"<p>Nous avons associ\u00e9 des perles d&#039;eau douce, du jade Hetian et de la nacre pour cr\u00e9er un bracelet \u00e0 l&#039;aspect artisanal. Chaque motif de rose est sculpt\u00e9 dans de la nacre et associ\u00e9 \u00e0 des perles de jade pour un jeu unique de textures et de formes.<\/p>","protected":false},"featured_media":28398,"comment_status":"open","ping_status":"closed","template":"","meta":[],"product_brand":[],"product_cat":[103,104],"product_tag":[],"class_list":{"0":"post-28399","1":"product","2":"type-product","3":"status-publish","4":"has-post-thumbnail","6":"product_cat-bulk-pearl-bracelets","7":"product_cat-wholesale-pearl-beaded-bracelet","9":"first","10":"instock","11":"taxable","12":"shipping-taxable","13":"purchasable","14":"product-type-simple"},"tiered_pricing_type":"fixed","tiered_pricing_fixed_rules":[],"tiered_pricing_product_settings":{"layout":"default","base_unit_name":{"singular":null,"plural":null},"default_variation":null},"tiered_pricing_minimum_quantity":null,"tiered_pricing_roles_data":[],"tiered_pricing_percentage_rules":[],"tiered_pricing_maximum_quantity":null,"tiered_pricing_quantity_step":null,"_links":{"self":[{"href":"https:\/\/gretapearls.com\/fr\/wp-json\/wp\/v2\/product\/28399","targetHints":{"allow":["GET"]}}],"collection":[{"href":"https:\/\/gretapearls.com\/fr\/wp-json\/wp\/v2\/product"}],"about":[{"href":"https:\/\/gretapearls.com\/fr\/wp-json\/wp\/v2\/types\/product"}],"replies":[{"embeddable":true,"href":"https:\/\/gretapearls.com\/fr\/wp-json\/wp\/v2\/comments?post=28399"}],"wp:featuredmedia":[{"embeddable":true,"href":"https:\/\/gretapearls.com\/fr\/wp-json\/wp\/v2\/media\/28398"}],"wp:attachment":[{"href":"https:\/\/gretapearls.com\/fr\/wp-json\/wp\/v2\/media?parent=28399"}],"wp:term":[{"taxonomy":"product_brand","embeddable":true,"href":"https:\/\/gretapearls.com\/fr\/wp-json\/wp\/v2\/product_brand?post=28399"},{"taxonomy":"product_cat","embeddable":true,"href":"https:\/\/gretapearls.com\/fr\/wp-json\/wp\/v2\/product_cat?post=28399"},{"taxonomy":"product_tag","embeddable":true,"href":"https:\/\/gretapearls.com\/fr\/wp-json\/wp\/v2\/product_tag?post=28399"}],"curies":[{"name":"wp","href":"https:\/\/api.w.org\/{rel}","templated":true}]}}