{"id":28193,"date":"2025-07-15T12:15:11","date_gmt":"2025-07-15T16:15:11","guid":{"rendered":"https:\/\/gretapearls.com\/en\/?post_type=product&#038;p=28193"},"modified":"2026-02-07T13:39:47","modified_gmt":"2026-02-07T18:39:47","slug":"boucles-doreilles-croix-en-perles-deau-douce-en-cuivre-plaque-or","status":"publish","type":"product","link":"https:\/\/gretapearls.com\/fr\/shop\/gold-plated-copper-freshwater-cross-pearl-earrings\/","title":{"rendered":"Boucles d&#039;oreilles croix en cuivre plaqu\u00e9 or et perles d&#039;eau douce"},"content":{"rendered":"","protected":false},"excerpt":{"rendered":"<p>Ces boucles d&#039;oreilles associent des perles d&#039;eau douce baroques \u00e0 des tiges en cuivre plaqu\u00e9es or pour un design en croix moderne. Chaque perle unique est s\u00e9lectionn\u00e9e \u00e0 la main pour mettre en valeur sa forme irr\u00e9guli\u00e8re et apporter un charme artisanal \u00e0 votre collection.<\/p>","protected":false},"featured_media":28187,"comment_status":"open","ping_status":"closed","template":"","meta":[],"product_brand":[],"product_cat":[93,94,96],"product_tag":[],"class_list":{"0":"post-28193","1":"product","2":"type-product","3":"status-publish","4":"has-post-thumbnail","6":"product_cat-wholesale-pearl-earrings","7":"product_cat-wholesale-pearl-drop-earrings","8":"product_cat-wholesale-hoop-earrings","10":"first","11":"instock","12":"taxable","13":"shipping-taxable","14":"purchasable","15":"product-type-simple"},"tiered_pricing_type":"fixed","tiered_pricing_fixed_rules":[],"tiered_pricing_product_settings":{"layout":"default","base_unit_name":{"singular":null,"plural":null},"default_variation":null},"tiered_pricing_minimum_quantity":null,"tiered_pricing_roles_data":[],"tiered_pricing_percentage_rules":[],"tiered_pricing_maximum_quantity":null,"tiered_pricing_quantity_step":null,"_links":{"self":[{"href":"https:\/\/gretapearls.com\/fr\/wp-json\/wp\/v2\/product\/28193","targetHints":{"allow":["GET"]}}],"collection":[{"href":"https:\/\/gretapearls.com\/fr\/wp-json\/wp\/v2\/product"}],"about":[{"href":"https:\/\/gretapearls.com\/fr\/wp-json\/wp\/v2\/types\/product"}],"replies":[{"embeddable":true,"href":"https:\/\/gretapearls.com\/fr\/wp-json\/wp\/v2\/comments?post=28193"}],"wp:featuredmedia":[{"embeddable":true,"href":"https:\/\/gretapearls.com\/fr\/wp-json\/wp\/v2\/media\/28187"}],"wp:attachment":[{"href":"https:\/\/gretapearls.com\/fr\/wp-json\/wp\/v2\/media?parent=28193"}],"wp:term":[{"taxonomy":"product_brand","embeddable":true,"href":"https:\/\/gretapearls.com\/fr\/wp-json\/wp\/v2\/product_brand?post=28193"},{"taxonomy":"product_cat","embeddable":true,"href":"https:\/\/gretapearls.com\/fr\/wp-json\/wp\/v2\/product_cat?post=28193"},{"taxonomy":"product_tag","embeddable":true,"href":"https:\/\/gretapearls.com\/fr\/wp-json\/wp\/v2\/product_tag?post=28193"}],"curies":[{"name":"wp","href":"https:\/\/api.w.org\/{rel}","templated":true}]}}