{"id":27909,"date":"2025-07-14T12:32:18","date_gmt":"2025-07-14T16:32:18","guid":{"rendered":"https:\/\/gretapearls.com\/en\/?post_type=product&#038;p=27909"},"modified":"2026-02-07T13:39:37","modified_gmt":"2026-02-07T18:39:37","slug":"boucles-doreilles-a-tige-en-perles-deau-douce-baroques-en-s925","status":"publish","type":"product","link":"https:\/\/gretapearls.com\/fr\/shop\/s925-freshwater-pearl-baroque-petal-stud-earrings\/","title":{"rendered":"Boucles d&#039;oreilles \u00e0 tige en perles d&#039;eau douce baroques S925"},"content":{"rendered":"","protected":false},"excerpt":{"rendered":"<p>Nous associons des tiges en argent S925 \u00e0 des perles d&#039;eau douce baroques tricolores pour cr\u00e9er des puces d&#039;oreilles qui expriment une touche artisanale moderne. Chaque paire est tiss\u00e9e \u00e0 la main pour fixer les p\u00e9tales irr\u00e9guliers de perles dans un design \u00e9clatant qui met en valeur le savoir-faire artisanal.<\/p>","protected":false},"featured_media":27904,"comment_status":"open","ping_status":"closed","template":"","meta":[],"product_brand":[],"product_cat":[93,97],"product_tag":[],"class_list":{"0":"post-27909","1":"product","2":"type-product","3":"status-publish","4":"has-post-thumbnail","6":"product_cat-wholesale-pearl-earrings","7":"product_cat-wholesale-stud-earrings","9":"first","10":"instock","11":"taxable","12":"shipping-taxable","13":"purchasable","14":"product-type-variable"},"tiered_pricing_type":"fixed","tiered_pricing_fixed_rules":[],"tiered_pricing_product_settings":{"layout":"default","base_unit_name":{"singular":null,"plural":null},"default_variation":null},"tiered_pricing_minimum_quantity":null,"tiered_pricing_roles_data":[],"tiered_pricing_percentage_rules":[],"tiered_pricing_maximum_quantity":null,"tiered_pricing_quantity_step":null,"_links":{"self":[{"href":"https:\/\/gretapearls.com\/fr\/wp-json\/wp\/v2\/product\/27909","targetHints":{"allow":["GET"]}}],"collection":[{"href":"https:\/\/gretapearls.com\/fr\/wp-json\/wp\/v2\/product"}],"about":[{"href":"https:\/\/gretapearls.com\/fr\/wp-json\/wp\/v2\/types\/product"}],"replies":[{"embeddable":true,"href":"https:\/\/gretapearls.com\/fr\/wp-json\/wp\/v2\/comments?post=27909"}],"wp:featuredmedia":[{"embeddable":true,"href":"https:\/\/gretapearls.com\/fr\/wp-json\/wp\/v2\/media\/27904"}],"wp:attachment":[{"href":"https:\/\/gretapearls.com\/fr\/wp-json\/wp\/v2\/media?parent=27909"}],"wp:term":[{"taxonomy":"product_brand","embeddable":true,"href":"https:\/\/gretapearls.com\/fr\/wp-json\/wp\/v2\/product_brand?post=27909"},{"taxonomy":"product_cat","embeddable":true,"href":"https:\/\/gretapearls.com\/fr\/wp-json\/wp\/v2\/product_cat?post=27909"},{"taxonomy":"product_tag","embeddable":true,"href":"https:\/\/gretapearls.com\/fr\/wp-json\/wp\/v2\/product_tag?post=27909"}],"curies":[{"name":"wp","href":"https:\/\/api.w.org\/{rel}","templated":true}]}}