{"id":27574,"date":"2025-07-08T12:08:12","date_gmt":"2025-07-08T16:08:12","guid":{"rendered":"https:\/\/gretapearls.com\/en\/?post_type=product&#038;p=27574"},"modified":"2026-05-05T11:46:40","modified_gmt":"2026-05-05T15:46:40","slug":"bracelet-de-perles-deau-douce-naturelles-degradees-de-6-a-7-mm-selectionnees","status":"publish","type":"product","link":"https:\/\/gretapearls.com\/fr\/shop\/6-7mm-selected-natural-gradient-bracelet-freshwater-pearls\/","title":{"rendered":"Bracelet en perles d&#039;eau douce naturelles d\u00e9grad\u00e9es de 6 \u00e0 7 mm"},"content":{"rendered":"","protected":false},"excerpt":{"rendered":"<p>Ces perles d&#039;eau douce de 6 \u00e0 7 mm pr\u00e9sentent un d\u00e9grad\u00e9 naturel de roses, de violets et d&#039;or, soigneusement s\u00e9lectionn\u00e9s pour un \u00e9quilibre chromatique. Elles sont id\u00e9ales pour d&#039;\u00e9l\u00e9gants bracelets d\u00e9grad\u00e9s ou des cr\u00e9ations d\u00e9licates aux tons doux et harmonieux.<\/p>","protected":false},"featured_media":27568,"comment_status":"open","ping_status":"closed","template":"","meta":[],"product_brand":[],"product_cat":[54,141],"product_tag":[91,82],"class_list":{"0":"post-27574","1":"product","2":"type-product","3":"status-publish","4":"has-post-thumbnail","6":"product_cat-freshwater-pearls-wholesale","7":"product_cat-promotions","8":"product_tag-full-drilled-pearls","9":"product_tag-medium-freshwater-pearls-wholesale","10":"pa_color-colors-pearls","11":"pa_shape-rice-pearls","13":"first","14":"instock","15":"sale","16":"taxable","17":"shipping-taxable","18":"purchasable","19":"product-type-simple"},"tiered_pricing_type":"fixed","tiered_pricing_fixed_rules":[],"tiered_pricing_product_settings":{"layout":"default","base_unit_name":{"singular":null,"plural":null},"default_variation":null},"tiered_pricing_minimum_quantity":null,"tiered_pricing_roles_data":[],"tiered_pricing_percentage_rules":[],"tiered_pricing_maximum_quantity":null,"tiered_pricing_quantity_step":null,"_links":{"self":[{"href":"https:\/\/gretapearls.com\/fr\/wp-json\/wp\/v2\/product\/27574","targetHints":{"allow":["GET"]}}],"collection":[{"href":"https:\/\/gretapearls.com\/fr\/wp-json\/wp\/v2\/product"}],"about":[{"href":"https:\/\/gretapearls.com\/fr\/wp-json\/wp\/v2\/types\/product"}],"replies":[{"embeddable":true,"href":"https:\/\/gretapearls.com\/fr\/wp-json\/wp\/v2\/comments?post=27574"}],"wp:featuredmedia":[{"embeddable":true,"href":"https:\/\/gretapearls.com\/fr\/wp-json\/wp\/v2\/media\/27568"}],"wp:attachment":[{"href":"https:\/\/gretapearls.com\/fr\/wp-json\/wp\/v2\/media?parent=27574"}],"wp:term":[{"taxonomy":"product_brand","embeddable":true,"href":"https:\/\/gretapearls.com\/fr\/wp-json\/wp\/v2\/product_brand?post=27574"},{"taxonomy":"product_cat","embeddable":true,"href":"https:\/\/gretapearls.com\/fr\/wp-json\/wp\/v2\/product_cat?post=27574"},{"taxonomy":"product_tag","embeddable":true,"href":"https:\/\/gretapearls.com\/fr\/wp-json\/wp\/v2\/product_tag?post=27574"}],"curies":[{"name":"wp","href":"https:\/\/api.w.org\/{rel}","templated":true}]}}