{"id":27379,"date":"2025-07-05T09:23:18","date_gmt":"2025-07-05T13:23:18","guid":{"rendered":"https:\/\/gretapearls.com\/en\/?post_type=product&#038;p=27379"},"modified":"2026-02-07T13:12:08","modified_gmt":"2026-02-07T18:12:08","slug":"11-perles-deau-douce-irregulieres-de-13-mm-percees-en-forme-de-piece","status":"publish","type":"product","link":"https:\/\/gretapearls.com\/fr\/shop\/11-13mm-irregular-coin-drilled-freshwater-pearls\/","title":{"rendered":"Perles d&#039;eau douce irr\u00e9guli\u00e8res perc\u00e9es en forme de pi\u00e8ce de 11 \u00e0 13 mm"},"content":{"rendered":"","protected":false},"excerpt":{"rendered":"<p>Perles d&#039;eau douce irr\u00e9guli\u00e8res en forme de bouton, \u00e0 l&#039;\u00e9clat blanc iris\u00e9 et \u00e0 la texture naturelle. Chaque perle libre est perc\u00e9e d&#039;un trou lat\u00e9ral pour faciliter l&#039;enfilage. Parfaites pour cr\u00e9er des boucles d&#039;oreilles boh\u00e8mes, des colliers multiples ou des bijoux DIY uniques.<\/p>","protected":false},"featured_media":27374,"comment_status":"open","ping_status":"closed","template":"","meta":[],"product_brand":[],"product_cat":[124],"product_tag":[84,90,85],"class_list":{"0":"post-27379","1":"product","2":"type-product","3":"status-publish","4":"has-post-thumbnail","6":"product_cat-irregular-pearls","7":"product_tag-giant-pearls-whoelsale","8":"product_tag-side-drilled-pearls","9":"product_tag-bulk-string-pearls","10":"pa_color-white-pearls","11":"pa_shape-coin-pearls","13":"first","14":"instock","15":"taxable","16":"shipping-taxable","17":"purchasable","18":"product-type-simple"},"tiered_pricing_type":"percentage","tiered_pricing_fixed_rules":[],"tiered_pricing_product_settings":{"layout":"default","base_unit_name":{"singular":null,"plural":null},"default_variation":null},"tiered_pricing_minimum_quantity":10,"tiered_pricing_roles_data":[],"tiered_pricing_percentage_rules":{"30":"10","100":"12","150":"15"},"tiered_pricing_maximum_quantity":null,"tiered_pricing_quantity_step":null,"_links":{"self":[{"href":"https:\/\/gretapearls.com\/fr\/wp-json\/wp\/v2\/product\/27379","targetHints":{"allow":["GET"]}}],"collection":[{"href":"https:\/\/gretapearls.com\/fr\/wp-json\/wp\/v2\/product"}],"about":[{"href":"https:\/\/gretapearls.com\/fr\/wp-json\/wp\/v2\/types\/product"}],"replies":[{"embeddable":true,"href":"https:\/\/gretapearls.com\/fr\/wp-json\/wp\/v2\/comments?post=27379"}],"wp:featuredmedia":[{"embeddable":true,"href":"https:\/\/gretapearls.com\/fr\/wp-json\/wp\/v2\/media\/27374"}],"wp:attachment":[{"href":"https:\/\/gretapearls.com\/fr\/wp-json\/wp\/v2\/media?parent=27379"}],"wp:term":[{"taxonomy":"product_brand","embeddable":true,"href":"https:\/\/gretapearls.com\/fr\/wp-json\/wp\/v2\/product_brand?post=27379"},{"taxonomy":"product_cat","embeddable":true,"href":"https:\/\/gretapearls.com\/fr\/wp-json\/wp\/v2\/product_cat?post=27379"},{"taxonomy":"product_tag","embeddable":true,"href":"https:\/\/gretapearls.com\/fr\/wp-json\/wp\/v2\/product_tag?post=27379"}],"curies":[{"name":"wp","href":"https:\/\/api.w.org\/{rel}","templated":true}]}}