{"id":26457,"date":"2025-06-30T00:28:04","date_gmt":"2025-06-30T04:28:04","guid":{"rendered":"https:\/\/gretapearls.com\/en\/?post_type=product&#038;p=26457"},"modified":"2026-04-25T20:02:16","modified_gmt":"2026-04-26T00:02:16","slug":"perles-deau-douce-en-grains-de-riz-sans-noyau-naturel-de-25-a-3-mm","status":"publish","type":"product","link":"https:\/\/gretapearls.com\/fr\/shop\/2-5-3mm-natural-nucleus-free-rice-grain-freshwater-pearls\/","title":{"rendered":"Perles d&#039;eau douce naturelles sans noyau de 2,5 \u00e0 3 mm"},"content":{"rendered":"","protected":false},"excerpt":{"rendered":"<p>Perles d&#039;eau douce naturelles non nucl\u00e9\u00e9es (2,5\u20133 mm) enfil\u00e9es sur un fil de 36\u201337 cm compos\u00e9 d&#039;environ 80 perles. Elles se distinguent par leur blanc \u00e9clatant, leur lustre d\u00e9licat, leurs textures subtiles et leur per\u00e7age central. Id\u00e9ales pour des bracelets minimalistes, des boucles d&#039;oreilles et des colliers superpos\u00e9s.<\/p>","protected":false},"featured_media":26452,"comment_status":"open","ping_status":"closed","template":"","meta":[],"product_brand":[],"product_cat":[54],"product_tag":[91,81,85],"class_list":{"0":"post-26457","1":"product","2":"type-product","3":"status-publish","4":"has-post-thumbnail","6":"product_cat-freshwater-pearls-wholesale","7":"product_tag-full-drilled-pearls","8":"product_tag-small-freshwater-pearls-wholesale","9":"product_tag-bulk-string-pearls","10":"pa_color-champagne-pearls","11":"pa_color-purple-pearls","12":"pa_color-white-pearls","13":"pa_shape-rice-pearls","15":"first","16":"instock","17":"taxable","18":"shipping-taxable","19":"purchasable","20":"product-type-variable"},"tiered_pricing_type":"fixed","tiered_pricing_fixed_rules":[],"tiered_pricing_product_settings":{"layout":"default","base_unit_name":{"singular":null,"plural":null},"default_variation":null},"tiered_pricing_minimum_quantity":null,"tiered_pricing_roles_data":[],"tiered_pricing_percentage_rules":[],"tiered_pricing_maximum_quantity":null,"tiered_pricing_quantity_step":null,"_links":{"self":[{"href":"https:\/\/gretapearls.com\/fr\/wp-json\/wp\/v2\/product\/26457","targetHints":{"allow":["GET"]}}],"collection":[{"href":"https:\/\/gretapearls.com\/fr\/wp-json\/wp\/v2\/product"}],"about":[{"href":"https:\/\/gretapearls.com\/fr\/wp-json\/wp\/v2\/types\/product"}],"replies":[{"embeddable":true,"href":"https:\/\/gretapearls.com\/fr\/wp-json\/wp\/v2\/comments?post=26457"}],"wp:featuredmedia":[{"embeddable":true,"href":"https:\/\/gretapearls.com\/fr\/wp-json\/wp\/v2\/media\/26452"}],"wp:attachment":[{"href":"https:\/\/gretapearls.com\/fr\/wp-json\/wp\/v2\/media?parent=26457"}],"wp:term":[{"taxonomy":"product_brand","embeddable":true,"href":"https:\/\/gretapearls.com\/fr\/wp-json\/wp\/v2\/product_brand?post=26457"},{"taxonomy":"product_cat","embeddable":true,"href":"https:\/\/gretapearls.com\/fr\/wp-json\/wp\/v2\/product_cat?post=26457"},{"taxonomy":"product_tag","embeddable":true,"href":"https:\/\/gretapearls.com\/fr\/wp-json\/wp\/v2\/product_tag?post=26457"}],"curies":[{"name":"wp","href":"https:\/\/api.w.org\/{rel}","templated":true}]}}